{"id":4457,"date":"2025-10-13T13:15:52","date_gmt":"2025-10-13T12:15:52","guid":{"rendered":"https:\/\/neuero.se\/?post_type=product&#038;p=4457"},"modified":"2026-03-17T15:38:08","modified_gmt":"2026-03-17T14:38:08","slug":"t-klamp-for-konsoll","status":"publish","type":"product","link":"https:\/\/neuero.se\/fi\/tuote\/t-klamp-for-konsoll\/","title":{"rendered":"T-Klamp f\u00f6r Konsoll"},"content":{"rendered":"<p>Anv\u00e4nds fr\u00e4mst f\u00f6r montering av stativ till transport\u00f6rer. Kan anv\u00e4ndas till annat ocks\u00e5<\/p>\n<p>Passar r\u00f6r med i storlek 1\/4&#8243;<\/p>\n","protected":false},"excerpt":{"rendered":"<p>Anv\u00e4nds fr\u00e4mst f\u00f6r montering av stativ till transport\u00f6rer. Kan anv\u00e4ndas till annat ocks\u00e5 Passar r\u00f6r med i storlek 1\/4&#8243;<\/p>\n","protected":false},"featured_media":4038,"template":"","meta":{"_acf_changed":false},"product_brand":[171],"product_cat":[170],"product_tag":[],"class_list":{"0":"post-4457","1":"product","2":"type-product","3":"status-publish","4":"has-post-thumbnail","6":"product_brand-valmetal","7":"product_cat-chainconveyor","9":"first","10":"instock","11":"taxable","12":"shipping-taxable","13":"purchasable","14":"product-type-simple"},"acf":[],"_links":{"self":[{"href":"https:\/\/neuero.se\/fi\/wp-json\/wp\/v2\/product\/4457","targetHints":{"allow":["GET"]}}],"collection":[{"href":"https:\/\/neuero.se\/fi\/wp-json\/wp\/v2\/product"}],"about":[{"href":"https:\/\/neuero.se\/fi\/wp-json\/wp\/v2\/types\/product"}],"wp:featuredmedia":[{"embeddable":true,"href":"https:\/\/neuero.se\/fi\/wp-json\/wp\/v2\/media\/4038"}],"wp:attachment":[{"href":"https:\/\/neuero.se\/fi\/wp-json\/wp\/v2\/media?parent=4457"}],"wp:term":[{"taxonomy":"product_brand","embeddable":true,"href":"https:\/\/neuero.se\/fi\/wp-json\/wp\/v2\/product_brand?post=4457"},{"taxonomy":"product_cat","embeddable":true,"href":"https:\/\/neuero.se\/fi\/wp-json\/wp\/v2\/product_cat?post=4457"},{"taxonomy":"product_tag","embeddable":true,"href":"https:\/\/neuero.se\/fi\/wp-json\/wp\/v2\/product_tag?post=4457"}],"curies":[{"name":"wp","href":"https:\/\/api.w.org\/{rel}","templated":true}]}}