{"id":4453,"date":"2025-10-13T13:15:51","date_gmt":"2025-10-13T12:15:51","guid":{"rendered":"https:\/\/neuero.se\/?post_type=product&#038;p=4453"},"modified":"2026-03-24T13:18:06","modified_gmt":"2026-03-24T12:18:06","slug":"bultsats","status":"publish","type":"product","link":"https:\/\/neuero.se\/fi\/tuote\/bultsats\/","title":{"rendered":"Bultsats"},"content":{"rendered":"<p>Perfekt sats n\u00e4r du vill f\u00f6rl\u00e4nga din bandfoderf\u00f6rdelare. Inneh\u00e5ller allt f\u00f6r att sammankoppla bandsektioner. \u00c5tg\u00e5r 1 sats per sektion.<\/p>\n","protected":false},"excerpt":{"rendered":"<p>Perfekt sats n\u00e4r du vill f\u00f6rl\u00e4nga din bandfoderf\u00f6rdelare. Inneh\u00e5ller allt f\u00f6r att sammankoppla bandsektioner. \u00c5tg\u00e5r 1 sats per sektion.<\/p>\n","protected":false},"featured_media":4011,"template":"","meta":{"_acf_changed":false},"product_brand":[171],"product_cat":[34,78],"product_tag":[],"class_list":{"0":"post-4453","1":"product","2":"type-product","3":"status-publish","4":"has-post-thumbnail","6":"product_brand-valmetal","7":"product_cat-valmetal-delar","8":"product_cat-bandfoderfordelare","10":"first","11":"outofstock","12":"taxable","13":"shipping-taxable","14":"purchasable","15":"product-type-simple"},"acf":[],"_links":{"self":[{"href":"https:\/\/neuero.se\/fi\/wp-json\/wp\/v2\/product\/4453","targetHints":{"allow":["GET"]}}],"collection":[{"href":"https:\/\/neuero.se\/fi\/wp-json\/wp\/v2\/product"}],"about":[{"href":"https:\/\/neuero.se\/fi\/wp-json\/wp\/v2\/types\/product"}],"wp:featuredmedia":[{"embeddable":true,"href":"https:\/\/neuero.se\/fi\/wp-json\/wp\/v2\/media\/4011"}],"wp:attachment":[{"href":"https:\/\/neuero.se\/fi\/wp-json\/wp\/v2\/media?parent=4453"}],"wp:term":[{"taxonomy":"product_brand","embeddable":true,"href":"https:\/\/neuero.se\/fi\/wp-json\/wp\/v2\/product_brand?post=4453"},{"taxonomy":"product_cat","embeddable":true,"href":"https:\/\/neuero.se\/fi\/wp-json\/wp\/v2\/product_cat?post=4453"},{"taxonomy":"product_tag","embeddable":true,"href":"https:\/\/neuero.se\/fi\/wp-json\/wp\/v2\/product_tag?post=4453"}],"curies":[{"name":"wp","href":"https:\/\/api.w.org\/{rel}","templated":true}]}}