{"id":4451,"date":"2025-10-13T13:15:51","date_gmt":"2025-10-13T12:15:51","guid":{"rendered":"https:\/\/neuero.se\/?post_type=product&#038;p=4451"},"modified":"2025-11-07T12:02:16","modified_gmt":"2025-11-07T11:02:16","slug":"faste-for-rensnal","status":"publish","type":"product","link":"https:\/\/neuero.se\/fi\/tuote\/faste-for-rensnal\/","title":{"rendered":"F\u00e4ste f\u00f6r Rensn\u00e5l"},"content":{"rendered":"<p>Sitter i driv\u00e4nden p\u00e5 plogdriften<\/p>\n","protected":false},"excerpt":{"rendered":"<p>Sitter i driv\u00e4nden p\u00e5 plogdriften<\/p>\n","protected":false},"featured_media":4005,"template":"","meta":{"_acf_changed":false},"product_brand":[171],"product_cat":[65,66,34],"product_tag":[],"class_list":{"0":"post-4451","1":"product","2":"type-product","3":"status-publish","4":"has-post-thumbnail","6":"product_brand-valmetal","7":"product_cat-plogar-med-tillbehor","8":"product_cat-drivstationer","9":"product_cat-valmetal-delar","11":"first","12":"instock","13":"taxable","14":"shipping-taxable","15":"purchasable","16":"product-type-simple"},"acf":[],"_links":{"self":[{"href":"https:\/\/neuero.se\/fi\/wp-json\/wp\/v2\/product\/4451","targetHints":{"allow":["GET"]}}],"collection":[{"href":"https:\/\/neuero.se\/fi\/wp-json\/wp\/v2\/product"}],"about":[{"href":"https:\/\/neuero.se\/fi\/wp-json\/wp\/v2\/types\/product"}],"wp:featuredmedia":[{"embeddable":true,"href":"https:\/\/neuero.se\/fi\/wp-json\/wp\/v2\/media\/4005"}],"wp:attachment":[{"href":"https:\/\/neuero.se\/fi\/wp-json\/wp\/v2\/media?parent=4451"}],"wp:term":[{"taxonomy":"product_brand","embeddable":true,"href":"https:\/\/neuero.se\/fi\/wp-json\/wp\/v2\/product_brand?post=4451"},{"taxonomy":"product_cat","embeddable":true,"href":"https:\/\/neuero.se\/fi\/wp-json\/wp\/v2\/product_cat?post=4451"},{"taxonomy":"product_tag","embeddable":true,"href":"https:\/\/neuero.se\/fi\/wp-json\/wp\/v2\/product_tag?post=4451"}],"curies":[{"name":"wp","href":"https:\/\/api.w.org\/{rel}","templated":true}]}}