{"id":4449,"date":"2025-10-13T13:15:51","date_gmt":"2025-10-13T12:15:51","guid":{"rendered":"https:\/\/neuero.se\/?post_type=product&#038;p=4449"},"modified":"2025-11-07T12:00:20","modified_gmt":"2025-11-07T11:00:20","slug":"faste-till-plogvaxellada-undre","status":"publish","type":"product","link":"https:\/\/neuero.se\/fi\/tuote\/faste-till-plogvaxellada-undre\/","title":{"rendered":"F\u00e4ste till plogv\u00e4xell\u00e5da, UNDRE"},"content":{"rendered":"","protected":false},"excerpt":{"rendered":"","protected":false},"featured_media":3996,"template":"","meta":{"_acf_changed":false},"product_brand":[171],"product_cat":[65,66],"product_tag":[],"class_list":{"0":"post-4449","1":"product","2":"type-product","3":"status-publish","4":"has-post-thumbnail","6":"product_brand-valmetal","7":"product_cat-plogar-med-tillbehor","8":"product_cat-drivstationer","10":"first","11":"instock","12":"taxable","13":"shipping-taxable","14":"purchasable","15":"product-type-simple"},"acf":[],"_links":{"self":[{"href":"https:\/\/neuero.se\/fi\/wp-json\/wp\/v2\/product\/4449","targetHints":{"allow":["GET"]}}],"collection":[{"href":"https:\/\/neuero.se\/fi\/wp-json\/wp\/v2\/product"}],"about":[{"href":"https:\/\/neuero.se\/fi\/wp-json\/wp\/v2\/types\/product"}],"wp:featuredmedia":[{"embeddable":true,"href":"https:\/\/neuero.se\/fi\/wp-json\/wp\/v2\/media\/3996"}],"wp:attachment":[{"href":"https:\/\/neuero.se\/fi\/wp-json\/wp\/v2\/media?parent=4449"}],"wp:term":[{"taxonomy":"product_brand","embeddable":true,"href":"https:\/\/neuero.se\/fi\/wp-json\/wp\/v2\/product_brand?post=4449"},{"taxonomy":"product_cat","embeddable":true,"href":"https:\/\/neuero.se\/fi\/wp-json\/wp\/v2\/product_cat?post=4449"},{"taxonomy":"product_tag","embeddable":true,"href":"https:\/\/neuero.se\/fi\/wp-json\/wp\/v2\/product_tag?post=4449"}],"curies":[{"name":"wp","href":"https:\/\/api.w.org\/{rel}","templated":true}]}}