{"id":4041,"date":"2025-09-19T12:15:22","date_gmt":"2025-09-19T11:15:22","guid":{"rendered":"https:\/\/neuero.se\/?post_type=product&#038;p=4041"},"modified":"2026-02-09T15:53:09","modified_gmt":"2026-02-09T14:53:09","slug":"forhojningssida-18","status":"publish","type":"product","link":"https:\/\/neuero.se\/fi\/tuote\/forhojningssida-18\/","title":{"rendered":"F\u00f6rh\u00f6jningssida 18&#8243;"},"content":{"rendered":"<p>F\u00f6r 18&#8243; band. F\u00e4sten ing\u00e5r<\/p>\n<p>L\u00e4ngd: 10&#8242;<\/p>\n","protected":false},"excerpt":{"rendered":"<p>F\u00f6r 18&#8243; band. F\u00e4sten ing\u00e5r L\u00e4ngd: 10&#8242;<\/p>\n","protected":false},"featured_media":4042,"template":"","meta":{"_acf_changed":false},"product_brand":[171],"product_cat":[135,103],"product_tag":[],"class_list":{"0":"post-4041","1":"product","2":"type-product","3":"status-publish","4":"has-post-thumbnail","6":"product_brand-valmetal","7":"product_cat-bandisyottolaitteen-jakelija","8":"product_cat-nauhat-matot-lanka","10":"first","11":"outofstock","12":"taxable","13":"shipping-taxable","14":"purchasable","15":"product-type-simple"},"acf":[],"_links":{"self":[{"href":"https:\/\/neuero.se\/fi\/wp-json\/wp\/v2\/product\/4041","targetHints":{"allow":["GET"]}}],"collection":[{"href":"https:\/\/neuero.se\/fi\/wp-json\/wp\/v2\/product"}],"about":[{"href":"https:\/\/neuero.se\/fi\/wp-json\/wp\/v2\/types\/product"}],"wp:featuredmedia":[{"embeddable":true,"href":"https:\/\/neuero.se\/fi\/wp-json\/wp\/v2\/media\/4042"}],"wp:attachment":[{"href":"https:\/\/neuero.se\/fi\/wp-json\/wp\/v2\/media?parent=4041"}],"wp:term":[{"taxonomy":"product_brand","embeddable":true,"href":"https:\/\/neuero.se\/fi\/wp-json\/wp\/v2\/product_brand?post=4041"},{"taxonomy":"product_cat","embeddable":true,"href":"https:\/\/neuero.se\/fi\/wp-json\/wp\/v2\/product_cat?post=4041"},{"taxonomy":"product_tag","embeddable":true,"href":"https:\/\/neuero.se\/fi\/wp-json\/wp\/v2\/product_tag?post=4041"}],"curies":[{"name":"wp","href":"https:\/\/api.w.org\/{rel}","templated":true}]}}