{"id":4027,"date":"2025-09-19T12:05:08","date_gmt":"2025-09-19T11:05:08","guid":{"rendered":"https:\/\/neuero.se\/?post_type=product&#038;p=4027"},"modified":"2025-10-17T09:58:55","modified_gmt":"2025-10-17T08:58:55","slug":"plat-pa-slade","status":"publish","type":"product","link":"https:\/\/neuero.se\/fi\/tuote\/plat-pa-slade\/","title":{"rendered":"Pl\u00e5t p\u00e5 sl\u00e4de"},"content":{"rendered":"<p>Monteras p\u00e5 sl\u00e4den. P\u00e5verrkar gr\u00e4nsl\u00e4gesbrytaren<\/p>\n","protected":false},"excerpt":{"rendered":"<p>Monteras p\u00e5 sl\u00e4den. P\u00e5verrkar gr\u00e4nsl\u00e4gesbrytaren<\/p>\n","protected":false},"featured_media":4028,"template":"","meta":{"_acf_changed":false},"product_brand":[171],"product_cat":[135,127,138],"product_tag":[],"class_list":{"0":"post-4027","1":"product","2":"type-product","3":"status-publish","4":"has-post-thumbnail","6":"product_brand-valmetal","7":"product_cat-bandisyottolaitteen-jakelija","8":"product_cat-aurat-ja-tarvikkeet","9":"product_cat-valmetal-kuljettimet-sekoittimet-sekoittimet-hihnansyottolaitteet","11":"first","12":"instock","13":"taxable","14":"shipping-taxable","15":"purchasable","16":"product-type-simple"},"acf":[],"_links":{"self":[{"href":"https:\/\/neuero.se\/fi\/wp-json\/wp\/v2\/product\/4027","targetHints":{"allow":["GET"]}}],"collection":[{"href":"https:\/\/neuero.se\/fi\/wp-json\/wp\/v2\/product"}],"about":[{"href":"https:\/\/neuero.se\/fi\/wp-json\/wp\/v2\/types\/product"}],"wp:featuredmedia":[{"embeddable":true,"href":"https:\/\/neuero.se\/fi\/wp-json\/wp\/v2\/media\/4028"}],"wp:attachment":[{"href":"https:\/\/neuero.se\/fi\/wp-json\/wp\/v2\/media?parent=4027"}],"wp:term":[{"taxonomy":"product_brand","embeddable":true,"href":"https:\/\/neuero.se\/fi\/wp-json\/wp\/v2\/product_brand?post=4027"},{"taxonomy":"product_cat","embeddable":true,"href":"https:\/\/neuero.se\/fi\/wp-json\/wp\/v2\/product_cat?post=4027"},{"taxonomy":"product_tag","embeddable":true,"href":"https:\/\/neuero.se\/fi\/wp-json\/wp\/v2\/product_tag?post=4027"}],"curies":[{"name":"wp","href":"https:\/\/api.w.org\/{rel}","templated":true}]}}