{"id":3959,"date":"2025-09-19T08:45:16","date_gmt":"2025-09-19T07:45:16","guid":{"rendered":"https:\/\/neuero.se\/?post_type=product&#038;p=3959"},"modified":"2026-04-02T10:58:08","modified_gmt":"2026-04-02T09:58:08","slug":"hallare-for-fyllnadstratt-2","status":"publish","type":"product","link":"https:\/\/neuero.se\/fi\/tuote\/hallare-for-fyllnadstratt-2\/","title":{"rendered":"H\u00e5llare f\u00f6r fyllnadstratt"},"content":{"rendered":"<p>Passar transport\u00f6r 18&#8243;<\/p>\n","protected":false},"excerpt":{"rendered":"<p>Passar transport\u00f6r 18&#8243;<\/p>\n","protected":false},"featured_media":3957,"template":"","meta":{"_acf_changed":false},"product_brand":[171],"product_cat":[34,78],"product_tag":[],"class_list":{"0":"post-3959","1":"product","2":"type-product","3":"status-publish","4":"has-post-thumbnail","6":"product_brand-valmetal","7":"product_cat-valmetal-delar","8":"product_cat-bandfoderfordelare","10":"first","11":"outofstock","12":"taxable","13":"shipping-taxable","14":"purchasable","15":"product-type-simple"},"acf":[],"_links":{"self":[{"href":"https:\/\/neuero.se\/fi\/wp-json\/wp\/v2\/product\/3959","targetHints":{"allow":["GET"]}}],"collection":[{"href":"https:\/\/neuero.se\/fi\/wp-json\/wp\/v2\/product"}],"about":[{"href":"https:\/\/neuero.se\/fi\/wp-json\/wp\/v2\/types\/product"}],"wp:featuredmedia":[{"embeddable":true,"href":"https:\/\/neuero.se\/fi\/wp-json\/wp\/v2\/media\/3957"}],"wp:attachment":[{"href":"https:\/\/neuero.se\/fi\/wp-json\/wp\/v2\/media?parent=3959"}],"wp:term":[{"taxonomy":"product_brand","embeddable":true,"href":"https:\/\/neuero.se\/fi\/wp-json\/wp\/v2\/product_brand?post=3959"},{"taxonomy":"product_cat","embeddable":true,"href":"https:\/\/neuero.se\/fi\/wp-json\/wp\/v2\/product_cat?post=3959"},{"taxonomy":"product_tag","embeddable":true,"href":"https:\/\/neuero.se\/fi\/wp-json\/wp\/v2\/product_tag?post=3959"}],"curies":[{"name":"wp","href":"https:\/\/api.w.org\/{rel}","templated":true}]}}