{"id":3951,"date":"2025-09-19T08:30:16","date_gmt":"2025-09-19T07:30:16","guid":{"rendered":"https:\/\/neuero.se\/?post_type=product&#038;p=3951"},"modified":"2025-12-01T09:13:11","modified_gmt":"2025-12-01T08:13:11","slug":"strackare-for-andrulle","status":"publish","type":"product","link":"https:\/\/neuero.se\/fi\/tuote\/strackare-for-andrulle\/","title":{"rendered":"Str\u00e4ckare f\u00f6r \u00c4ndrulle"},"content":{"rendered":"<p>S\u00e4ljs per styck<\/p>\n","protected":false},"excerpt":{"rendered":"<p>S\u00e4ljs per styck<\/p>\n","protected":false},"featured_media":3952,"template":"","meta":{"_acf_changed":false},"product_brand":[171],"product_cat":[103,138],"product_tag":[],"class_list":{"0":"post-3951","1":"product","2":"type-product","3":"status-publish","4":"has-post-thumbnail","6":"product_brand-valmetal","7":"product_cat-nauhat-matot-lanka","8":"product_cat-valmetal-kuljettimet-sekoittimet-sekoittimet-hihnansyottolaitteet","10":"first","11":"outofstock","12":"taxable","13":"shipping-taxable","14":"purchasable","15":"product-type-simple"},"acf":[],"_links":{"self":[{"href":"https:\/\/neuero.se\/fi\/wp-json\/wp\/v2\/product\/3951","targetHints":{"allow":["GET"]}}],"collection":[{"href":"https:\/\/neuero.se\/fi\/wp-json\/wp\/v2\/product"}],"about":[{"href":"https:\/\/neuero.se\/fi\/wp-json\/wp\/v2\/types\/product"}],"wp:featuredmedia":[{"embeddable":true,"href":"https:\/\/neuero.se\/fi\/wp-json\/wp\/v2\/media\/3952"}],"wp:attachment":[{"href":"https:\/\/neuero.se\/fi\/wp-json\/wp\/v2\/media?parent=3951"}],"wp:term":[{"taxonomy":"product_brand","embeddable":true,"href":"https:\/\/neuero.se\/fi\/wp-json\/wp\/v2\/product_brand?post=3951"},{"taxonomy":"product_cat","embeddable":true,"href":"https:\/\/neuero.se\/fi\/wp-json\/wp\/v2\/product_cat?post=3951"},{"taxonomy":"product_tag","embeddable":true,"href":"https:\/\/neuero.se\/fi\/wp-json\/wp\/v2\/product_tag?post=3951"}],"curies":[{"name":"wp","href":"https:\/\/api.w.org\/{rel}","templated":true}]}}