{"id":3576,"date":"2025-04-11T14:20:21","date_gmt":"2025-04-11T13:20:21","guid":{"rendered":"https:\/\/neuero.se\/?post_type=product&#038;p=3576"},"modified":"2026-02-13T17:03:40","modified_gmt":"2026-02-13T16:03:40","slug":"plog-end-slade-std-exkl-glidblock-127-cm","status":"publish","type":"product","link":"https:\/\/neuero.se\/fi\/tuote\/plog-end-slade-std-exkl-glidblock-127-cm\/","title":{"rendered":"Sl\u00e4de f\u00f6r Plog 127 cm"},"content":{"rendered":"<p>Utan glidblock och f\u00e4stmateriel<\/p>\n","protected":false},"excerpt":{"rendered":"<p>Utan glidblock och f\u00e4stmateriel<\/p>\n","protected":false},"featured_media":5758,"template":"","meta":{"_acf_changed":false},"product_brand":[171],"product_cat":[65,34],"product_tag":[],"class_list":{"0":"post-3576","1":"product","2":"type-product","3":"status-publish","4":"has-post-thumbnail","6":"product_brand-valmetal","7":"product_cat-plogar-med-tillbehor","8":"product_cat-valmetal-delar","10":"first","11":"instock","12":"taxable","13":"shipping-taxable","14":"purchasable","15":"product-type-simple"},"acf":[],"_links":{"self":[{"href":"https:\/\/neuero.se\/fi\/wp-json\/wp\/v2\/product\/3576","targetHints":{"allow":["GET"]}}],"collection":[{"href":"https:\/\/neuero.se\/fi\/wp-json\/wp\/v2\/product"}],"about":[{"href":"https:\/\/neuero.se\/fi\/wp-json\/wp\/v2\/types\/product"}],"wp:featuredmedia":[{"embeddable":true,"href":"https:\/\/neuero.se\/fi\/wp-json\/wp\/v2\/media\/5758"}],"wp:attachment":[{"href":"https:\/\/neuero.se\/fi\/wp-json\/wp\/v2\/media?parent=3576"}],"wp:term":[{"taxonomy":"product_brand","embeddable":true,"href":"https:\/\/neuero.se\/fi\/wp-json\/wp\/v2\/product_brand?post=3576"},{"taxonomy":"product_cat","embeddable":true,"href":"https:\/\/neuero.se\/fi\/wp-json\/wp\/v2\/product_cat?post=3576"},{"taxonomy":"product_tag","embeddable":true,"href":"https:\/\/neuero.se\/fi\/wp-json\/wp\/v2\/product_tag?post=3576"}],"curies":[{"name":"wp","href":"https:\/\/api.w.org\/{rel}","templated":true}]}}