{"id":3573,"date":"2025-04-11T14:15:22","date_gmt":"2025-04-11T13:15:22","guid":{"rendered":"https:\/\/neuero.se\/?post_type=product&#038;p=3573"},"modified":"2026-03-12T11:52:38","modified_gmt":"2026-03-12T10:52:38","slug":"plog-18-lang","status":"publish","type":"product","link":"https:\/\/neuero.se\/fi\/tuote\/plog-18-lang\/","title":{"rendered":"Plog 18&#8243; L\u00e5ng"},"content":{"rendered":"<p>Den l\u00e5nga modellen (till v\u00e4nster i bilden).<\/p>\n<p>Passar till bandbredd 18&#8243;<\/p>\n<p>L\u00e4ngd: 117 cm<\/p>\n","protected":false},"excerpt":{"rendered":"<p>Den l\u00e5nga modellen (till v\u00e4nster i bilden). Passar till bandbredd 18&#8243; L\u00e4ngd: 117 cm<\/p>\n","protected":false},"featured_media":4341,"template":"","meta":{"_acf_changed":false},"product_brand":[171],"product_cat":[135,127,138],"product_tag":[],"class_list":{"0":"post-3573","1":"product","2":"type-product","3":"status-publish","4":"has-post-thumbnail","6":"product_brand-valmetal","7":"product_cat-bandisyottolaitteen-jakelija","8":"product_cat-aurat-ja-tarvikkeet","9":"product_cat-valmetal-kuljettimet-sekoittimet-sekoittimet-hihnansyottolaitteet","11":"first","12":"instock","13":"taxable","14":"shipping-taxable","15":"purchasable","16":"product-type-simple"},"acf":[],"_links":{"self":[{"href":"https:\/\/neuero.se\/fi\/wp-json\/wp\/v2\/product\/3573","targetHints":{"allow":["GET"]}}],"collection":[{"href":"https:\/\/neuero.se\/fi\/wp-json\/wp\/v2\/product"}],"about":[{"href":"https:\/\/neuero.se\/fi\/wp-json\/wp\/v2\/types\/product"}],"wp:featuredmedia":[{"embeddable":true,"href":"https:\/\/neuero.se\/fi\/wp-json\/wp\/v2\/media\/4341"}],"wp:attachment":[{"href":"https:\/\/neuero.se\/fi\/wp-json\/wp\/v2\/media?parent=3573"}],"wp:term":[{"taxonomy":"product_brand","embeddable":true,"href":"https:\/\/neuero.se\/fi\/wp-json\/wp\/v2\/product_brand?post=3573"},{"taxonomy":"product_cat","embeddable":true,"href":"https:\/\/neuero.se\/fi\/wp-json\/wp\/v2\/product_cat?post=3573"},{"taxonomy":"product_tag","embeddable":true,"href":"https:\/\/neuero.se\/fi\/wp-json\/wp\/v2\/product_tag?post=3573"}],"curies":[{"name":"wp","href":"https:\/\/api.w.org\/{rel}","templated":true}]}}