{"id":3572,"date":"2025-04-11T14:00:30","date_gmt":"2025-04-11T13:00:30","guid":{"rendered":"https:\/\/neuero.se\/?post_type=product&#038;p=3572"},"modified":"2026-04-08T14:38:05","modified_gmt":"2026-04-08T13:38:05","slug":"vaxellada-valm-drivenh-u-mot-f-bandff","status":"publish","type":"product","link":"https:\/\/neuero.se\/fi\/tuote\/vaxellada-valm-drivenh-u-mot-f-bandff\/","title":{"rendered":"V\u00e4xell\u00e5da F\u00f6r Bandtransport\u00f6r"},"content":{"rendered":"<p>Passar samtliga bandtransport\u00f6rer fr\u00e5n Valmetal.<\/p>\n<p>G\u00e5r att montera p\u00e5 b\u00e5da sidorna.<\/p>\n","protected":false},"excerpt":{"rendered":"<p>Passar samtliga bandtransport\u00f6rer fr\u00e5n Valmetal. G\u00e5r att montera p\u00e5 b\u00e5da sidorna.<\/p>\n","protected":false},"featured_media":944,"template":"","meta":{"_acf_changed":false},"product_brand":[171],"product_cat":[78,35,66,34],"product_tag":[],"class_list":{"0":"post-3572","1":"product","2":"type-product","3":"status-publish","4":"has-post-thumbnail","6":"product_brand-valmetal","7":"product_cat-bandfoderfordelare","8":"product_cat-band-mattor-vajer","9":"product_cat-drivstationer","10":"product_cat-valmetal-delar","12":"first","13":"instock","14":"taxable","15":"shipping-taxable","16":"purchasable","17":"product-type-simple"},"acf":[],"_links":{"self":[{"href":"https:\/\/neuero.se\/fi\/wp-json\/wp\/v2\/product\/3572","targetHints":{"allow":["GET"]}}],"collection":[{"href":"https:\/\/neuero.se\/fi\/wp-json\/wp\/v2\/product"}],"about":[{"href":"https:\/\/neuero.se\/fi\/wp-json\/wp\/v2\/types\/product"}],"wp:featuredmedia":[{"embeddable":true,"href":"https:\/\/neuero.se\/fi\/wp-json\/wp\/v2\/media\/944"}],"wp:attachment":[{"href":"https:\/\/neuero.se\/fi\/wp-json\/wp\/v2\/media?parent=3572"}],"wp:term":[{"taxonomy":"product_brand","embeddable":true,"href":"https:\/\/neuero.se\/fi\/wp-json\/wp\/v2\/product_brand?post=3572"},{"taxonomy":"product_cat","embeddable":true,"href":"https:\/\/neuero.se\/fi\/wp-json\/wp\/v2\/product_cat?post=3572"},{"taxonomy":"product_tag","embeddable":true,"href":"https:\/\/neuero.se\/fi\/wp-json\/wp\/v2\/product_tag?post=3572"}],"curies":[{"name":"wp","href":"https:\/\/api.w.org\/{rel}","templated":true}]}}