{"id":3571,"date":"2025-04-11T14:00:30","date_gmt":"2025-04-11T13:00:30","guid":{"rendered":"https:\/\/neuero.se\/?post_type=product&#038;p=3571"},"modified":"2026-04-10T10:43:09","modified_gmt":"2026-04-10T09:43:09","slug":"vaxellada-for-plogdrift","status":"publish","type":"product","link":"https:\/\/neuero.se\/fi\/tuote\/vaxellada-for-plogdrift\/","title":{"rendered":"V\u00e4xell\u00e5da f\u00f6r Plogdrift"},"content":{"rendered":"<p>Passar Valmetal bandfoderf\u00f6rdelare med plogdrift<\/p>\n<p>Elmotor k\u00f6pes separat<\/p>\n","protected":false},"excerpt":{"rendered":"<p>Passar Valmetal bandfoderf\u00f6rdelare med plogdrift Elmotor k\u00f6pes separat<\/p>\n","protected":false},"featured_media":4330,"template":"","meta":{"_acf_changed":false},"product_brand":[171],"product_cat":[65,34],"product_tag":[],"class_list":{"0":"post-3571","1":"product","2":"type-product","3":"status-publish","4":"has-post-thumbnail","6":"product_brand-valmetal","7":"product_cat-plogar-med-tillbehor","8":"product_cat-valmetal-delar","10":"first","11":"outofstock","12":"taxable","13":"shipping-taxable","14":"purchasable","15":"product-type-simple"},"acf":[],"_links":{"self":[{"href":"https:\/\/neuero.se\/fi\/wp-json\/wp\/v2\/product\/3571","targetHints":{"allow":["GET"]}}],"collection":[{"href":"https:\/\/neuero.se\/fi\/wp-json\/wp\/v2\/product"}],"about":[{"href":"https:\/\/neuero.se\/fi\/wp-json\/wp\/v2\/types\/product"}],"wp:featuredmedia":[{"embeddable":true,"href":"https:\/\/neuero.se\/fi\/wp-json\/wp\/v2\/media\/4330"}],"wp:attachment":[{"href":"https:\/\/neuero.se\/fi\/wp-json\/wp\/v2\/media?parent=3571"}],"wp:term":[{"taxonomy":"product_brand","embeddable":true,"href":"https:\/\/neuero.se\/fi\/wp-json\/wp\/v2\/product_brand?post=3571"},{"taxonomy":"product_cat","embeddable":true,"href":"https:\/\/neuero.se\/fi\/wp-json\/wp\/v2\/product_cat?post=3571"},{"taxonomy":"product_tag","embeddable":true,"href":"https:\/\/neuero.se\/fi\/wp-json\/wp\/v2\/product_tag?post=3571"}],"curies":[{"name":"wp","href":"https:\/\/api.w.org\/{rel}","templated":true}]}}