{"id":3555,"date":"2025-04-11T13:40:10","date_gmt":"2025-04-11T12:40:10","guid":{"rendered":"https:\/\/neuero.se\/?post_type=product&#038;p=3555"},"modified":"2025-11-04T19:18:16","modified_gmt":"2025-11-04T18:18:16","slug":"rakror-2-m","status":"publish","type":"product","link":"https:\/\/neuero.se\/fi\/tuote\/rakror-2-m\/","title":{"rendered":"Rakr\u00f6r 2 m"},"content":{"rendered":"<p>R\u00f6rdiameter: 310 mm<\/p>\n<p>L\u00e4ngd: 2,0 m<\/p>\n<p>Material: Galvaniserad st\u00e5lpl\u00e5t<\/p>\n","protected":false},"excerpt":{"rendered":"<p>R\u00f6rdiameter: 310 mm L\u00e4ngd: 2,0 m Material: Galvaniserad st\u00e5lpl\u00e5t<\/p>\n","protected":false},"featured_media":541,"template":"","meta":{"_acf_changed":false},"product_brand":[172],"product_cat":[108],"product_tag":[],"class_list":{"0":"post-3555","1":"product","2":"type-product","3":"status-publish","4":"has-post-thumbnail","6":"product_brand-neuero-farm-und-fordertechnik","7":"product_cat-putkien-liitososat-310-mm","9":"first","10":"outofstock","11":"taxable","12":"shipping-taxable","13":"purchasable","14":"product-type-simple"},"acf":[],"_links":{"self":[{"href":"https:\/\/neuero.se\/fi\/wp-json\/wp\/v2\/product\/3555","targetHints":{"allow":["GET"]}}],"collection":[{"href":"https:\/\/neuero.se\/fi\/wp-json\/wp\/v2\/product"}],"about":[{"href":"https:\/\/neuero.se\/fi\/wp-json\/wp\/v2\/types\/product"}],"wp:featuredmedia":[{"embeddable":true,"href":"https:\/\/neuero.se\/fi\/wp-json\/wp\/v2\/media\/541"}],"wp:attachment":[{"href":"https:\/\/neuero.se\/fi\/wp-json\/wp\/v2\/media?parent=3555"}],"wp:term":[{"taxonomy":"product_brand","embeddable":true,"href":"https:\/\/neuero.se\/fi\/wp-json\/wp\/v2\/product_brand?post=3555"},{"taxonomy":"product_cat","embeddable":true,"href":"https:\/\/neuero.se\/fi\/wp-json\/wp\/v2\/product_cat?post=3555"},{"taxonomy":"product_tag","embeddable":true,"href":"https:\/\/neuero.se\/fi\/wp-json\/wp\/v2\/product_tag?post=3555"}],"curies":[{"name":"wp","href":"https:\/\/api.w.org\/{rel}","templated":true}]}}