{"id":3518,"date":"2024-12-17T16:00:39","date_gmt":"2024-12-17T15:00:39","guid":{"rendered":"https:\/\/neuero.se\/?post_type=product&#038;p=3518"},"modified":"2025-12-11T13:28:10","modified_gmt":"2025-12-11T12:28:10","slug":"rakror-1-m","status":"publish","type":"product","link":"https:\/\/neuero.se\/fi\/tuote\/rakror-1-m\/","title":{"rendered":"Rakr\u00f6r 1 m"},"content":{"rendered":"<p>Rakr\u00f6r<\/p>\n<p>L\u00e4ngd: 1,0 m<\/p>\n<p>R\u00f6rdiameter: 380 mm<\/p>\n<p>Godstjocklek: 1 mm<\/p>\n<p>Material: Rostfritt<\/p>\n","protected":false},"excerpt":{"rendered":"<p>Rakr\u00f6r L\u00e4ngd: 1,0 m R\u00f6rdiameter: 380 mm Godstjocklek: 1 mm Material: Rostfritt<\/p>\n","protected":false},"featured_media":429,"template":"","meta":{"_acf_changed":false},"product_brand":[172],"product_cat":[60,44],"product_tag":[],"class_list":{"0":"post-3518","1":"product","2":"type-product","3":"status-publish","4":"has-post-thumbnail","6":"product_brand-neuero-farm-und-fordertechnik","7":"product_cat-rordelar-380-mm","8":"product_cat-rordelar-neuero-ensilage-utr","10":"first","11":"outofstock","12":"taxable","13":"shipping-taxable","14":"purchasable","15":"product-type-simple"},"acf":[],"_links":{"self":[{"href":"https:\/\/neuero.se\/fi\/wp-json\/wp\/v2\/product\/3518","targetHints":{"allow":["GET"]}}],"collection":[{"href":"https:\/\/neuero.se\/fi\/wp-json\/wp\/v2\/product"}],"about":[{"href":"https:\/\/neuero.se\/fi\/wp-json\/wp\/v2\/types\/product"}],"wp:featuredmedia":[{"embeddable":true,"href":"https:\/\/neuero.se\/fi\/wp-json\/wp\/v2\/media\/429"}],"wp:attachment":[{"href":"https:\/\/neuero.se\/fi\/wp-json\/wp\/v2\/media?parent=3518"}],"wp:term":[{"taxonomy":"product_brand","embeddable":true,"href":"https:\/\/neuero.se\/fi\/wp-json\/wp\/v2\/product_brand?post=3518"},{"taxonomy":"product_cat","embeddable":true,"href":"https:\/\/neuero.se\/fi\/wp-json\/wp\/v2\/product_cat?post=3518"},{"taxonomy":"product_tag","embeddable":true,"href":"https:\/\/neuero.se\/fi\/wp-json\/wp\/v2\/product_tag?post=3518"}],"curies":[{"name":"wp","href":"https:\/\/api.w.org\/{rel}","templated":true}]}}