{"id":3378,"date":"2024-11-05T18:45:10","date_gmt":"2024-11-05T17:45:10","guid":{"rendered":"https:\/\/neuero.se\/?post_type=product&#038;p=3378"},"modified":"2026-04-09T06:48:07","modified_gmt":"2026-04-09T05:48:07","slug":"band-slatt-24","status":"publish","type":"product","link":"https:\/\/neuero.se\/fi\/tuote\/band-slatt-24\/","title":{"rendered":"Band, sl\u00e4tt 24&#8243;"},"content":{"rendered":"<p>S\u00e4ljs i metervara<\/p>\n<p>\u00c4r det slut i lager? Var lugn, vi har ofta band p\u00e5 lager \u00e4ven om det st\u00e5r att det \u00e4r slut h\u00e4r p\u00e5 webben. Kontakta oss s\u00e5 hj\u00e4lper vi dig.<\/p>\n","protected":false},"excerpt":{"rendered":"<p>S\u00e4ljs i metervara \u00c4r det slut i lager? Var lugn, vi har ofta band p\u00e5 lager \u00e4ven om det st\u00e5r att det \u00e4r slut h\u00e4r p\u00e5 webben. Kontakta oss s\u00e5 &#8230;<\/p>\n","protected":false},"featured_media":398,"template":"","meta":{"_acf_changed":false},"product_brand":[171],"product_cat":[35,34],"product_tag":[163],"class_list":{"0":"post-3378","1":"product","2":"type-product","3":"status-publish","4":"has-post-thumbnail","6":"product_brand-valmetal","7":"product_cat-band-mattor-vajer","8":"product_cat-valmetal-delar","9":"product_tag-valmetal","11":"first","12":"outofstock","13":"taxable","14":"shipping-taxable","15":"purchasable","16":"product-type-simple"},"acf":[],"_links":{"self":[{"href":"https:\/\/neuero.se\/fi\/wp-json\/wp\/v2\/product\/3378","targetHints":{"allow":["GET"]}}],"collection":[{"href":"https:\/\/neuero.se\/fi\/wp-json\/wp\/v2\/product"}],"about":[{"href":"https:\/\/neuero.se\/fi\/wp-json\/wp\/v2\/types\/product"}],"wp:featuredmedia":[{"embeddable":true,"href":"https:\/\/neuero.se\/fi\/wp-json\/wp\/v2\/media\/398"}],"wp:attachment":[{"href":"https:\/\/neuero.se\/fi\/wp-json\/wp\/v2\/media?parent=3378"}],"wp:term":[{"taxonomy":"product_brand","embeddable":true,"href":"https:\/\/neuero.se\/fi\/wp-json\/wp\/v2\/product_brand?post=3378"},{"taxonomy":"product_cat","embeddable":true,"href":"https:\/\/neuero.se\/fi\/wp-json\/wp\/v2\/product_cat?post=3378"},{"taxonomy":"product_tag","embeddable":true,"href":"https:\/\/neuero.se\/fi\/wp-json\/wp\/v2\/product_tag?post=3378"}],"curies":[{"name":"wp","href":"https:\/\/api.w.org\/{rel}","templated":true}]}}