{"id":3354,"date":"2024-11-05T18:40:11","date_gmt":"2024-11-05T17:40:11","guid":{"rendered":"https:\/\/neuero.se\/?post_type=product&#038;p=3354"},"modified":"2026-04-27T15:33:05","modified_gmt":"2026-04-27T14:33:05","slug":"bandlas-18-alligator","status":"publish","type":"product","link":"https:\/\/neuero.se\/fi\/tuote\/bandlas-18-alligator\/","title":{"rendered":"Bandl\u00e5s 18&#8243;"},"content":{"rendered":"<p>Passar de flest bandfodertransport\u00f6rer fr\u00e5n Valmetal<\/p>\n<p><a class=\"button\" href=\"https:\/\/neuero.se\/content\/uploads\/2024\/11\/Valmetal-montage-av-bandlas.pdf\">Monteringsinstruktion (PDF)<\/a><\/p>\n","protected":false},"excerpt":{"rendered":"<p>Passar de flest bandfodertransport\u00f6rer fr\u00e5n Valmetal Monteringsinstruktion (PDF)<\/p>\n","protected":false},"featured_media":204,"template":"","meta":{"_acf_changed":false},"product_brand":[171],"product_cat":[34,78,35],"product_tag":[158],"class_list":{"0":"post-3354","1":"product","2":"type-product","3":"status-publish","4":"has-post-thumbnail","6":"product_brand-valmetal","7":"product_cat-valmetal-delar","8":"product_cat-bandfoderfordelare","9":"product_cat-band-mattor-vajer","10":"product_tag-korrigerad","12":"first","13":"instock","14":"taxable","15":"shipping-taxable","16":"purchasable","17":"product-type-simple"},"acf":[],"_links":{"self":[{"href":"https:\/\/neuero.se\/fi\/wp-json\/wp\/v2\/product\/3354","targetHints":{"allow":["GET"]}}],"collection":[{"href":"https:\/\/neuero.se\/fi\/wp-json\/wp\/v2\/product"}],"about":[{"href":"https:\/\/neuero.se\/fi\/wp-json\/wp\/v2\/types\/product"}],"wp:featuredmedia":[{"embeddable":true,"href":"https:\/\/neuero.se\/fi\/wp-json\/wp\/v2\/media\/204"}],"wp:attachment":[{"href":"https:\/\/neuero.se\/fi\/wp-json\/wp\/v2\/media?parent=3354"}],"wp:term":[{"taxonomy":"product_brand","embeddable":true,"href":"https:\/\/neuero.se\/fi\/wp-json\/wp\/v2\/product_brand?post=3354"},{"taxonomy":"product_cat","embeddable":true,"href":"https:\/\/neuero.se\/fi\/wp-json\/wp\/v2\/product_cat?post=3354"},{"taxonomy":"product_tag","embeddable":true,"href":"https:\/\/neuero.se\/fi\/wp-json\/wp\/v2\/product_tag?post=3354"}],"curies":[{"name":"wp","href":"https:\/\/api.w.org\/{rel}","templated":true}]}}