{"id":3353,"date":"2024-11-05T18:40:10","date_gmt":"2024-11-05T17:40:10","guid":{"rendered":"https:\/\/neuero.se\/?post_type=product&#038;p=3353"},"modified":"2026-04-07T15:38:06","modified_gmt":"2026-04-07T14:38:06","slug":"bandlas-verktyg-alligator-tools","status":"publish","type":"product","link":"https:\/\/neuero.se\/fi\/tuote\/bandlas-verktyg-alligator-tools\/","title":{"rendered":"Bandl\u00e5sverktyg"},"content":{"rendered":"<p>Ett m\u00e5ste f\u00f6r dig med bandfoderf\u00f6rdelare!<\/p>\n<p>Anv\u00e4nds vid montering av bandl\u00e5s p\u00e5 Valmetal-band<\/p>\n<p><a class=\"button\" href=\"https:\/\/neuero.se\/content\/uploads\/2024\/11\/Valmetal-montage-av-bandlas.pdf\">Monteringsinstruktion (PDF)<\/a><\/p>\n<p>&nbsp;<\/p>\n","protected":false},"excerpt":{"rendered":"<p>Ett m\u00e5ste f\u00f6r dig med bandfoderf\u00f6rdelare! Anv\u00e4nds vid montering av bandl\u00e5s p\u00e5 Valmetal-band Monteringsinstruktion (PDF) &nbsp;<\/p>\n","protected":false},"featured_media":4333,"template":"","meta":{"_acf_changed":false},"product_brand":[171],"product_cat":[34,35],"product_tag":[158],"class_list":{"0":"post-3353","1":"product","2":"type-product","3":"status-publish","4":"has-post-thumbnail","6":"product_brand-valmetal","7":"product_cat-valmetal-delar","8":"product_cat-band-mattor-vajer","9":"product_tag-korrigerad","11":"first","12":"instock","13":"taxable","14":"shipping-taxable","15":"purchasable","16":"product-type-simple"},"acf":[],"_links":{"self":[{"href":"https:\/\/neuero.se\/fi\/wp-json\/wp\/v2\/product\/3353","targetHints":{"allow":["GET"]}}],"collection":[{"href":"https:\/\/neuero.se\/fi\/wp-json\/wp\/v2\/product"}],"about":[{"href":"https:\/\/neuero.se\/fi\/wp-json\/wp\/v2\/types\/product"}],"wp:featuredmedia":[{"embeddable":true,"href":"https:\/\/neuero.se\/fi\/wp-json\/wp\/v2\/media\/4333"}],"wp:attachment":[{"href":"https:\/\/neuero.se\/fi\/wp-json\/wp\/v2\/media?parent=3353"}],"wp:term":[{"taxonomy":"product_brand","embeddable":true,"href":"https:\/\/neuero.se\/fi\/wp-json\/wp\/v2\/product_brand?post=3353"},{"taxonomy":"product_cat","embeddable":true,"href":"https:\/\/neuero.se\/fi\/wp-json\/wp\/v2\/product_cat?post=3353"},{"taxonomy":"product_tag","embeddable":true,"href":"https:\/\/neuero.se\/fi\/wp-json\/wp\/v2\/product_tag?post=3353"}],"curies":[{"name":"wp","href":"https:\/\/api.w.org\/{rel}","templated":true}]}}