{"id":2689,"date":"2024-06-04T14:23:51","date_gmt":"2024-06-04T14:23:51","guid":{"rendered":"https:\/\/neuero.se\/product\/kayttomoottori-4kw-w110-t-nas\/"},"modified":"2026-03-09T16:08:05","modified_gmt":"2026-03-09T15:08:05","slug":"kayttomoottori-4kw-w110-t-nas","status":"publish","type":"product","link":"https:\/\/neuero.se\/fi\/tuote\/kayttomoottori-4kw-w110-t-nas\/","title":{"rendered":"K\u00e4ytt\u00f6moottori 4kW W110 t NAS"},"content":{"rendered":"","protected":false},"excerpt":{"rendered":"<p>Py\u00f6re\u00e4\u00e4 laatikkoa varten = W86, lis\u00e4t\u00e4\u00e4n seuraavat tiedot<\/p>\n","protected":false},"featured_media":2691,"template":"","meta":{"_acf_changed":false},"product_brand":[],"product_cat":[147,104,149],"product_tag":[],"class_list":{"0":"post-2689","1":"product","2":"type-product","3":"status-publish","4":"has-post-thumbnail","6":"product_cat-neuero-ensilage-utr-fi","7":"product_cat-osat-nas-taytto-ja-tyhjennyskoneelle","8":"product_cat-fylltommare-fi","10":"first","11":"outofstock","12":"taxable","13":"shipping-taxable","14":"purchasable","15":"product-type-simple"},"acf":[],"_links":{"self":[{"href":"https:\/\/neuero.se\/fi\/wp-json\/wp\/v2\/product\/2689","targetHints":{"allow":["GET"]}}],"collection":[{"href":"https:\/\/neuero.se\/fi\/wp-json\/wp\/v2\/product"}],"about":[{"href":"https:\/\/neuero.se\/fi\/wp-json\/wp\/v2\/types\/product"}],"wp:featuredmedia":[{"embeddable":true,"href":"https:\/\/neuero.se\/fi\/wp-json\/wp\/v2\/media\/2691"}],"wp:attachment":[{"href":"https:\/\/neuero.se\/fi\/wp-json\/wp\/v2\/media?parent=2689"}],"wp:term":[{"taxonomy":"product_brand","embeddable":true,"href":"https:\/\/neuero.se\/fi\/wp-json\/wp\/v2\/product_brand?post=2689"},{"taxonomy":"product_cat","embeddable":true,"href":"https:\/\/neuero.se\/fi\/wp-json\/wp\/v2\/product_cat?post=2689"},{"taxonomy":"product_tag","embeddable":true,"href":"https:\/\/neuero.se\/fi\/wp-json\/wp\/v2\/product_tag?post=2689"}],"curies":[{"name":"wp","href":"https:\/\/api.w.org\/{rel}","templated":true}]}}