{"id":2428,"date":"2024-06-04T14:21:28","date_gmt":"2024-06-04T14:21:28","guid":{"rendered":"https:\/\/neuero.se\/product\/jyrsinpyoran-jalka-saadettava\/"},"modified":"2026-05-13T16:03:07","modified_gmt":"2026-05-13T15:03:07","slug":"jyrsinpyoran-jalka-saadettava","status":"publish","type":"product","link":"https:\/\/neuero.se\/fi\/tuote\/jyrsinpyoran-jalka-saadettava\/","title":{"rendered":"Jyrsinpy\u00f6r\u00e4n jalka, s\u00e4\u00e4dett\u00e4v\u00e4"},"content":{"rendered":"","protected":false},"excerpt":{"rendered":"","protected":false},"featured_media":2430,"template":"","meta":{"_acf_changed":false},"product_brand":[],"product_cat":[147,104,149],"product_tag":[],"class_list":{"0":"post-2428","1":"product","2":"type-product","3":"status-publish","4":"has-post-thumbnail","6":"product_cat-neuero-ensilage-utr-fi","7":"product_cat-osat-nas-taytto-ja-tyhjennyskoneelle","8":"product_cat-fylltommare-fi","10":"first","11":"instock","12":"taxable","13":"shipping-taxable","14":"purchasable","15":"product-type-simple"},"acf":[],"_links":{"self":[{"href":"https:\/\/neuero.se\/fi\/wp-json\/wp\/v2\/product\/2428","targetHints":{"allow":["GET"]}}],"collection":[{"href":"https:\/\/neuero.se\/fi\/wp-json\/wp\/v2\/product"}],"about":[{"href":"https:\/\/neuero.se\/fi\/wp-json\/wp\/v2\/types\/product"}],"wp:featuredmedia":[{"embeddable":true,"href":"https:\/\/neuero.se\/fi\/wp-json\/wp\/v2\/media\/2430"}],"wp:attachment":[{"href":"https:\/\/neuero.se\/fi\/wp-json\/wp\/v2\/media?parent=2428"}],"wp:term":[{"taxonomy":"product_brand","embeddable":true,"href":"https:\/\/neuero.se\/fi\/wp-json\/wp\/v2\/product_brand?post=2428"},{"taxonomy":"product_cat","embeddable":true,"href":"https:\/\/neuero.se\/fi\/wp-json\/wp\/v2\/product_cat?post=2428"},{"taxonomy":"product_tag","embeddable":true,"href":"https:\/\/neuero.se\/fi\/wp-json\/wp\/v2\/product_tag?post=2428"}],"curies":[{"name":"wp","href":"https:\/\/api.w.org\/{rel}","templated":true}]}}