{"id":2425,"date":"2024-06-04T14:21:27","date_gmt":"2024-06-04T14:21:27","guid":{"rendered":"https:\/\/neuero.se\/product\/jyrsinpyora-jaapiikilla-as-nas\/"},"modified":"2026-04-22T10:13:06","modified_gmt":"2026-04-22T09:13:06","slug":"jyrsinpyora-jaapiikilla-as-nas","status":"publish","type":"product","link":"https:\/\/neuero.se\/fi\/tuote\/jyrsinpyora-jaapiikilla-as-nas\/","title":{"rendered":"Jyrsinpy\u00f6r\u00e4 j\u00e4\u00e4piikill\u00e4 AS\/NAS"},"content":{"rendered":"","protected":false},"excerpt":{"rendered":"","protected":false},"featured_media":2426,"template":"","meta":{"_acf_changed":false},"product_brand":[],"product_cat":[102,104,149],"product_tag":[],"class_list":{"0":"post-2425","1":"product","2":"type-product","3":"status-publish","4":"has-post-thumbnail","6":"product_cat-osat-as-tayttokumppereihin","7":"product_cat-osat-nas-taytto-ja-tyhjennyskoneelle","8":"product_cat-fylltommare-fi","10":"first","11":"instock","12":"taxable","13":"shipping-taxable","14":"purchasable","15":"product-type-simple"},"acf":[],"_links":{"self":[{"href":"https:\/\/neuero.se\/fi\/wp-json\/wp\/v2\/product\/2425","targetHints":{"allow":["GET"]}}],"collection":[{"href":"https:\/\/neuero.se\/fi\/wp-json\/wp\/v2\/product"}],"about":[{"href":"https:\/\/neuero.se\/fi\/wp-json\/wp\/v2\/types\/product"}],"wp:featuredmedia":[{"embeddable":true,"href":"https:\/\/neuero.se\/fi\/wp-json\/wp\/v2\/media\/2426"}],"wp:attachment":[{"href":"https:\/\/neuero.se\/fi\/wp-json\/wp\/v2\/media?parent=2425"}],"wp:term":[{"taxonomy":"product_brand","embeddable":true,"href":"https:\/\/neuero.se\/fi\/wp-json\/wp\/v2\/product_brand?post=2425"},{"taxonomy":"product_cat","embeddable":true,"href":"https:\/\/neuero.se\/fi\/wp-json\/wp\/v2\/product_cat?post=2425"},{"taxonomy":"product_tag","embeddable":true,"href":"https:\/\/neuero.se\/fi\/wp-json\/wp\/v2\/product_tag?post=2425"}],"curies":[{"name":"wp","href":"https:\/\/api.w.org\/{rel}","templated":true}]}}