{"id":2336,"date":"2024-06-04T14:21:31","date_gmt":"2024-06-04T14:21:31","guid":{"rendered":"https:\/\/neuero.se\/product\/jyrsinpyoran-jalat-kiinteat-12-reikaa\/"},"modified":"2026-04-01T16:03:20","modified_gmt":"2026-04-01T15:03:20","slug":"jyrsinpyoran-jalat-kiinteat-12-reikaa","status":"publish","type":"product","link":"https:\/\/neuero.se\/fi\/tuote\/jyrsinpyoran-jalat-kiinteat-12-reikaa\/","title":{"rendered":"Jyrsinpy\u00f6r\u00e4n jalat, kiinte\u00e4t 12 reik\u00e4\u00e4"},"content":{"rendered":"","protected":false},"excerpt":{"rendered":"","protected":false},"featured_media":3492,"template":"","meta":{"_acf_changed":false},"product_brand":[],"product_cat":[28,31,29],"product_tag":[],"class_list":{"0":"post-2336","1":"product","2":"type-product","3":"status-publish","4":"has-post-thumbnail","6":"product_cat-neuero-ensilage-utr","7":"product_cat-delar-till-nas-fylltommare","8":"product_cat-fylltommare","10":"first","11":"instock","12":"taxable","13":"shipping-taxable","14":"purchasable","15":"product-type-simple"},"acf":[],"_links":{"self":[{"href":"https:\/\/neuero.se\/fi\/wp-json\/wp\/v2\/product\/2336","targetHints":{"allow":["GET"]}}],"collection":[{"href":"https:\/\/neuero.se\/fi\/wp-json\/wp\/v2\/product"}],"about":[{"href":"https:\/\/neuero.se\/fi\/wp-json\/wp\/v2\/types\/product"}],"wp:featuredmedia":[{"embeddable":true,"href":"https:\/\/neuero.se\/fi\/wp-json\/wp\/v2\/media\/3492"}],"wp:attachment":[{"href":"https:\/\/neuero.se\/fi\/wp-json\/wp\/v2\/media?parent=2336"}],"wp:term":[{"taxonomy":"product_brand","embeddable":true,"href":"https:\/\/neuero.se\/fi\/wp-json\/wp\/v2\/product_brand?post=2336"},{"taxonomy":"product_cat","embeddable":true,"href":"https:\/\/neuero.se\/fi\/wp-json\/wp\/v2\/product_cat?post=2336"},{"taxonomy":"product_tag","embeddable":true,"href":"https:\/\/neuero.se\/fi\/wp-json\/wp\/v2\/product_tag?post=2336"}],"curies":[{"name":"wp","href":"https:\/\/api.w.org\/{rel}","templated":true}]}}