{"id":2237,"date":"2024-07-29T09:18:06","date_gmt":"2024-07-29T08:18:06","guid":{"rendered":"https:\/\/neuero.se\/henkilotiedot\/"},"modified":"2025-11-03T14:32:35","modified_gmt":"2025-11-03T13:32:35","slug":"henkilotiedot","status":"publish","type":"page","link":"https:\/\/neuero.se\/fi\/henkilotiedot\/","title":{"rendered":"Henkil\u00f6tietojen k\u00e4sittely"},"content":{"rendered":"<h2 data-start=\"497\" data-end=\"514\">1. Johdanto<\/h2>\n<p data-start=\"515\" data-end=\"779\">Neuero Scandinavia Neagri AB (j\u00e4ljemp\u00e4n\u00e4 &#8221;Neuero&#8221;, &#8221;me&#8221; tai &#8221;meit\u00e4&#8221;) kunnioittaa yksityisyytt\u00e4si ja suojaa henkil\u00f6tietojasi.<br data-start=\"604\" data-end=\"607\">T\u00e4m\u00e4 tietosuojak\u00e4yt\u00e4nt\u00f6 kuvaa, miten ker\u00e4\u00e4mme, k\u00e4yt\u00e4mme, tallennamme ja suojaamme henkil\u00f6tietoja, kun vierailet verkkosivuillamme, otat meihin yhteytt\u00e4 tai teet ostoksia verkkokaupassamme.<\/p>\n<p data-start=\"781\" data-end=\"911\">K\u00e4sittelemme henkil\u00f6tietoja EU:n yleisen tietosuoja-asetuksen (GDPR, EU 2016\/679) sek\u00e4 sovellettavan suomalaisen lains\u00e4\u00e4d\u00e4nn\u00f6n mukaisesti.<\/p>\n<hr data-start=\"913\" data-end=\"916\">\n<h2 data-start=\"918\" data-end=\"948\">2. Rekisterinpit\u00e4j\u00e4<\/h2>\n<p data-start=\"949\" data-end=\"1083\">Neuero Scandinavia Neagri AB<br \/>\nY-tunnus: 556700-9922<br data-start=\"970\" data-end=\"973\">Osoite: K\u00e4mpelandet, S-696 96 Zinkgruvan, Ruotsi<br data-start=\"1007\" data-end=\"1010\">S\u00e4hk\u00f6posti: <a class=\"decorated-link cursor-pointer\" rel=\"noopener\"><strong data-start=\"949\" data-end=\"970\">info@neuero.se<\/strong><\/a><br data-start=\"1035\" data-end=\"1038\">Puhelin: +46 (0)774-48 28 80<\/p>\n<hr data-start=\"1085\" data-end=\"1088\">\n<h2 data-start=\"216\" data-end=\"265\">3. Mit\u00e4 tietoja ker\u00e4\u00e4mme ja miksi<\/h2>\n<p data-start=\"267\" data-end=\"463\">K\u00e4sittelemme vain sellaisia henkil\u00f6tietoja, jotka ovat tarpeellisia velvoitteidemme t\u00e4ytt\u00e4miseksi asiakkaita, toimittajia ja yhteisty\u00f6kumppaneita kohtaan sek\u00e4 palvelun ja tuen tarjoamiseksi.<\/p>\n<p data-start=\"465\" data-end=\"525\">De uppgifter vi kan komma att behandla omfattar bland annat:<\/p>\n<ul>\n<li data-start=\"529\" data-end=\"603\">Yhteystiedot, kuten nimi, osoite, puhelinnumero ja s\u00e4hk\u00f6postiosoite.<\/li>\n<li data-start=\"529\" data-end=\"603\"><strong data-start=\"606\" data-end=\"642\">F\u00f6retags- och fakturainformation<\/strong>, exempelvis organisationsnummer, kundnummer, leveransadress och betalningsuppgifter.<\/li>\n<li data-start=\"529\" data-end=\"603\">Tilaus- ja huoltohistoria, mukaan lukien tiedot aiemmista tilauksista, tukipyynn\u00f6ist\u00e4, takuu- ja reklamaatioasioista.<\/li>\n<li data-start=\"529\" data-end=\"603\">Tekniset ja laitteistotiedot, jotka liittyv\u00e4t asiakkaan k\u00e4ytt\u00e4miin tuotteisiin tai j\u00e4rjestelmiin, jotta voimme tarjota tehokasta tukea ja seurantaa.<\/li>\n<li data-start=\"529\" data-end=\"603\">Kuvat ja dokumentit, joita asiakkaat toimittavat vapaaehtoisesti esimerkiksi huoltoa tai neuvontaa varten. N\u00e4it\u00e4 k\u00e4ytet\u00e4\u00e4n ainoastaan asioiden k\u00e4sittelyn helpottamiseen. <\/li>\n<li data-start=\"529\" data-end=\"603\">Viestint\u00e4historia, kuten s\u00e4hk\u00f6postit, viestit ja tarjouspyynn\u00f6t, asiakasyhteyksien seurantaa ja palvelun parantamista varten.<\/li>\n<li data-start=\"529\" data-end=\"603\">Tekniset tiedot, kuten IP-osoite ja selaintiedot, verkkosivuston toiminnan ja turvallisuuden kehitt\u00e4miseksi.<\/li>\n<\/ul>\n<hr data-start=\"1901\" data-end=\"1904\">\n<h2 data-start=\"1906\" data-end=\"1940\">4. K\u00e4sittelyn tarkoitukset ja oikeusperuste<\/h2>\n<p data-start=\"1941\" data-end=\"1990\">K\u00e4sittelemme henkil\u00f6tietoja seuraaviin tarkoituksiin:<\/p>\n<div class=\"_tableContainer_1rjym_1\">\n<div class=\"group _tableWrapper_1rjym_13 flex w-fit flex-col-reverse\" tabindex=\"-1\">\n<table class=\"w-fit min-w-(--thread-content-width)\" data-start=\"1992\" data-end=\"2650\">\n<thead data-start=\"1992\" data-end=\"2028\">\n<tr data-start=\"1992\" data-end=\"2028\">\n<th data-start=\"1992\" data-end=\"2000\" data-col-size=\"md\">Tarkoitus<\/th>\n<th data-start=\"2000\" data-end=\"2017\" data-col-size=\"sm\">Oikeusperuste<\/th>\n<th data-start=\"2017\" data-end=\"2028\" data-col-size=\"md\">Esimerkki<\/th>\n<\/tr>\n<\/thead>\n<tbody data-start=\"2067\" data-end=\"2650\">\n<tr data-start=\"2067\" data-end=\"2179\">\n<td data-start=\"2067\" data-end=\"2127\" data-col-size=\"md\">Tilausten, toimitusten ja takuuk\u00e4sittelyn hallinta<\/td>\n<td data-col-size=\"sm\" data-start=\"2127\" data-end=\"2135\">Sopimus<\/td>\n<td data-col-size=\"md\" data-start=\"2135\" data-end=\"2179\">Ostosopimuksen tai palvelusitoumuksen t\u00e4ytt\u00e4minen<\/td>\n<\/tr>\n<tr data-start=\"2180\" data-end=\"2272\">\n<td data-start=\"2180\" data-end=\"2212\" data-col-size=\"md\">Asiakaspalvelu ja viestint\u00e4<\/td>\n<td data-start=\"2212\" data-end=\"2234\" data-col-size=\"sm\">Oikeutettu etu<\/td>\n<td data-start=\"2234\" data-end=\"2272\" data-col-size=\"md\">Kysymysten k\u00e4sittely ja tukipalvelut<\/td>\n<\/tr>\n<tr data-start=\"2273\" data-end=\"2353\">\n<td data-start=\"2273\" data-end=\"2301\" data-col-size=\"md\">Kirjanpito ja laskutus<\/td>\n<td data-start=\"2301\" data-end=\"2325\" data-col-size=\"sm\">Lakis\u00e4\u00e4teinen velvoite<\/td>\n<td data-start=\"2325\" data-end=\"2353\" data-col-size=\"md\">Kirjanpitolain noudattaminen<\/td>\n<\/tr>\n<tr data-start=\"2354\" data-end=\"2487\">\n<td data-start=\"2354\" data-end=\"2413\" data-col-size=\"md\">Tiedotteet ja markkinointiviestit<\/td>\n<td data-start=\"2413\" data-end=\"2446\" data-col-size=\"sm\">Suostumus \/ oikeutettu etu<\/td>\n<td data-start=\"2446\" data-end=\"2487\" data-col-size=\"md\">Markkinointi nykyisille asiakkaille<\/td>\n<\/tr>\n<tr data-start=\"2488\" data-end=\"2544\">\n<td data-start=\"2488\" data-end=\"2502\" data-col-size=\"md\">Rekrytointi<\/td>\n<td data-start=\"2502\" data-end=\"2513\" data-col-size=\"sm\">Suostumus<\/td>\n<td data-start=\"2513\" data-end=\"2544\" data-col-size=\"md\">Hakemusten ja ansioluetteloiden k\u00e4sittely<\/td>\n<\/tr>\n<tr data-start=\"2545\" data-end=\"2650\">\n<td data-start=\"2545\" data-end=\"2581\" data-col-size=\"md\">Verkkosivuston toiminta ja turvallisuus<\/td>\n<td data-start=\"2581\" data-end=\"2603\" data-col-size=\"sm\">Oikeutettu etu<\/td>\n<td data-start=\"2603\" data-end=\"2650\" data-col-size=\"md\">Lokitiedot, virheiden ja v\u00e4\u00e4rink\u00e4yt\u00f6sten hallinta<\/td>\n<\/tr>\n<\/tbody>\n<\/table>\n<\/div>\n<\/div>\n<hr data-start=\"2652\" data-end=\"2655\">\n<h2 data-start=\"2657\" data-end=\"2691\">5. Tietojen s\u00e4ilytysaika<\/h2>\n<p data-start=\"2692\" data-end=\"2787\">S\u00e4ilyt\u00e4mme henkil\u00f6tietoja vain niin kauan kuin on tarpeen k\u00e4sittelyn tarkoituksen t\u00e4ytt\u00e4miseksi:<\/p>\n<ul>\n<li data-start=\"2791\" data-end=\"2874\">Asiakas- ja tilaustietoja s\u00e4ilytet\u00e4\u00e4n enint\u00e4\u00e4n seitsem\u00e4n (7) vuotta kirjanpitolain mukaisesti.<\/li>\n<li data-start=\"2791\" data-end=\"2874\">Viestint\u00e4historiaa (esim. s\u00e4hk\u00f6posti, tukipyynn\u00f6t) s\u00e4ilytet\u00e4\u00e4n yleens\u00e4 12 kuukautta.<\/li>\n<li data-start=\"2791\" data-end=\"2874\">Rekrytointitiedot poistetaan 6 kuukauden kuluttua, ellei pidemp\u00e4\u00e4n s\u00e4ilytykseen ole annettu suostumusta.<\/li>\n<li data-start=\"2791\" data-end=\"2874\">Markkinointitiedot poistetaan, kun suostumus peruutetaan tai asiakas sit\u00e4 pyyt\u00e4\u00e4.<\/li>\n<\/ul>\n<hr data-start=\"3151\" data-end=\"3154\">\n<h2 data-start=\"3156\" data-end=\"3192\">6. Henkil\u00f6tietojen luovuttaminen<\/h2>\n<p data-start=\"3193\" data-end=\"3348\">Emme koskaan myy henkil\u00f6tietoja eteenp\u00e4in.<br data-start=\"3232\" data-end=\"3235\">Tietoja voidaan jakaa yhteisty\u00f6kumppaneillemme vain silloin, kun se on v\u00e4ltt\u00e4m\u00e4t\u00f6nt\u00e4 palvelun toteuttamiseksi, esimerkiksi:<\/p>\n<ul>\n<li data-start=\"3352\" data-end=\"3379\">Kuljetus- ja logistiikkayritykset<\/li>\n<li data-start=\"3352\" data-end=\"3379\">Maksunv\u00e4litt\u00e4j\u00e4t (esim. pankit, laskutuspalvelut)<\/li>\n<li data-start=\"3352\" data-end=\"3379\">IT- ja yll\u00e4pitopalveluiden toimittajat (webhotelli, s\u00e4hk\u00f6posti, varmuuskopiot)<\/li>\n<li data-start=\"3352\" data-end=\"3379\">J\u00e4rjestelm\u00e4integraatiot (esim. toiminnanohjausj\u00e4rjestelm\u00e4mme)<\/li>\n<\/ul>\n<p data-start=\"3564\" data-end=\"3636\">Kaikkien osapuolten kanssa on solmittu henkil\u00f6tietojen k\u00e4sittelysopimus (DPA) GDPR:n mukaisesti.<\/p>\n<hr data-start=\"3638\" data-end=\"3641\">\n<h2 data-start=\"3643\" data-end=\"3667\">7. Rekister\u00f6idyn oikeudet<\/h2>\n<p data-start=\"3668\" data-end=\"3714\">Sinulla on oikeus:<\/p>\n<ul>\n<li data-start=\"3718\" data-end=\"3793\">Pyyt\u00e4\u00e4 selvityst\u00e4 siit\u00e4, mit\u00e4 henkil\u00f6tietoja k\u00e4sittelemme sinusta<\/li>\n<li data-start=\"3718\" data-end=\"3793\">Oikaista tai t\u00e4ydent\u00e4\u00e4 virheellisi\u00e4 tietoja.<\/li>\n<li data-start=\"3718\" data-end=\"3793\">Pyyt\u00e4\u00e4 tietojen poistamista (&#8221;oikeus tulla unohdetuksi&#8221;), jos tiedot eiv\u00e4t ole en\u00e4\u00e4 tarpeellisia.<\/li>\n<li data-start=\"3718\" data-end=\"3793\">Vastustaa k\u00e4sittely\u00e4, joka perustuu oikeutettuun etuun.<\/li>\n<li data-start=\"3718\" data-end=\"3793\">Peruuttaa suostumus milloin tahansa ilman, ett\u00e4 se vaikuttaa aiemmin tehtyyn k\u00e4sittelyyn.<\/li>\n<li data-start=\"3718\" data-end=\"3793\">Pyyt\u00e4\u00e4 tietojen siirtoa toiselle rekisterinpit\u00e4j\u00e4lle j\u00e4sennellyss\u00e4 muodossa (tietojen siirrett\u00e4vyys). <\/li>\n<\/ul>\n<p data-start=\"4229\" data-end=\"4304\">Pyynn\u00f6t tulee l\u00e4hett\u00e4\u00e4 osoitteeseen<a class=\"decorated-link cursor-pointer\" rel=\"noopener\" data-start=\"4252\" data-end=\"4266\"> info@neuero.se, <\/a>ja ne k\u00e4sitell\u00e4\u00e4n yleens\u00e4 30 p\u00e4iv\u00e4n kuluessa.<\/p>\n<hr data-start=\"4306\" data-end=\"4309\">\n<h2 data-start=\"4311\" data-end=\"4327\">8. Tietoturva<\/h2>\n<p data-start=\"4328\" data-end=\"4571\">K\u00e4yt\u00e4mme teknisi\u00e4 ja organisatorisia suojatoimia henkil\u00f6tietojen suojaamiseksi luvattomalta p\u00e4\u00e4sylt\u00e4, muuttamiselta, levi\u00e4miselt\u00e4 tai poistamiselta.<br data-start=\"4466\" data-end=\"4469\">T\u00e4m\u00e4 sis\u00e4lt\u00e4\u00e4 esimerkiksi salauksen, k\u00e4ytt\u00f6oikeuksien hallinnan, lokituksen ja s\u00e4\u00e4nn\u00f6lliset tietoturvap\u00e4ivitykset. <\/p>\n<p data-start=\"4328\" data-end=\"4571\">K\u00e4ytt\u00e4jien salasanat tallennetaan salattuina, eik\u00e4 niihin ole p\u00e4\u00e4sy\u00e4 meille tai ty\u00f6ntekij\u00f6illemme.<\/p>\n<hr data-start=\"4573\" data-end=\"4576\">\n<h2 data-start=\"4578\" data-end=\"4593\">9. Ev\u00e4steet<br \/><\/h2>\n<p data-start=\"4594\" data-end=\"4721\">K\u00e4yt\u00e4mme ev\u00e4steit\u00e4 parantaaksemme k\u00e4ytt\u00e4j\u00e4kokemusta ja analysoidaksemme verkkosivustomme liikennett\u00e4.<\/p>\n<hr data-start=\"4723\" data-end=\"4726\">\n<h2 data-start=\"4728\" data-end=\"4745\">10. Valitusoikeus<br \/><\/h2>\n<p data-start=\"4746\" data-end=\"4869\">Jos katsot, ett\u00e4 henkil\u00f6tietojesi k\u00e4sittely rikkoo tietosuoja-asetusta, sinulla on oikeus tehd\u00e4 valitus valvontaviranomaiselle:<\/p>\n<p data-start=\"4871\" data-end=\"4951\">Tietosuojavaltuutetun toimisto<br data-start=\"4909\" data-end=\"4912\"><a class=\"decorated-link cursor-pointer\" target=\"_new\" rel=\"noopener\" data-start=\"4912\" data-end=\"4922\">www.tietosuoja.fi<\/a><br data-start=\"4922\" data-end=\"4925\">PL 800, 00521 Helsinki, Suomi<\/p>\n<hr data-start=\"4953\" data-end=\"4956\">\n<h2 data-start=\"4958\" data-end=\"4974\">11. Yhteystiedot<br \/><\/h2>\n<p data-start=\"4975\" data-end=\"5084\">Kysymykset henkil\u00f6tietojen k\u00e4sittelyst\u00e4 voi l\u00e4hett\u00e4\u00e4 osoitteeseen:<br \/>\n\ud83d\udce7 <a class=\"decorated-link cursor-pointer\" rel=\"noopener\" data-start=\"5038\" data-end=\"5052\">info@neuero.se<\/a><br \/>\n\ud83d\udcde +46 (0)774-48 28 80<br data-start=\"5030\" data-end=\"5033\">\ud83d\udccd K\u00e4mpelandet, S-696 96 Zinkgruvan, Ruotsi<\/p>\n","protected":false},"excerpt":{"rendered":"<p>1. Johdanto Neuero Scandinavia Neagri AB (j\u00e4ljemp\u00e4n\u00e4 &#8221;Neuero&#8221;, &#8221;me&#8221; tai &#8221;meit\u00e4&#8221;) kunnioittaa yksityisyytt\u00e4si ja suojaa henkil\u00f6tietojasi.T\u00e4m\u00e4 tietosuojak\u00e4yt\u00e4nt\u00f6 kuvaa, miten ker\u00e4\u00e4mme, k\u00e4yt\u00e4mme, tallennamme ja suojaamme henkil\u00f6tietoja, kun vierailet verkkosivuillamme, otat meihin &#8230;<\/p>\n","protected":false},"author":1,"featured_media":0,"parent":0,"menu_order":0,"comment_status":"closed","ping_status":"closed","template":"","meta":{"_acf_changed":false,"footnotes":""},"class_list":["post-2237","page","type-page","status-publish","hentry"],"acf":[],"_links":{"self":[{"href":"https:\/\/neuero.se\/fi\/wp-json\/wp\/v2\/pages\/2237","targetHints":{"allow":["GET"]}}],"collection":[{"href":"https:\/\/neuero.se\/fi\/wp-json\/wp\/v2\/pages"}],"about":[{"href":"https:\/\/neuero.se\/fi\/wp-json\/wp\/v2\/types\/page"}],"author":[{"embeddable":true,"href":"https:\/\/neuero.se\/fi\/wp-json\/wp\/v2\/users\/1"}],"replies":[{"embeddable":true,"href":"https:\/\/neuero.se\/fi\/wp-json\/wp\/v2\/comments?post=2237"}],"version-history":[{"count":5,"href":"https:\/\/neuero.se\/fi\/wp-json\/wp\/v2\/pages\/2237\/revisions"}],"predecessor-version":[{"id":4661,"href":"https:\/\/neuero.se\/fi\/wp-json\/wp\/v2\/pages\/2237\/revisions\/4661"}],"wp:attachment":[{"href":"https:\/\/neuero.se\/fi\/wp-json\/wp\/v2\/media?parent=2237"}],"curies":[{"name":"wp","href":"https:\/\/api.w.org\/{rel}","templated":true}]}}