{"id":2231,"date":"2024-06-27T12:37:43","date_gmt":"2024-06-27T11:37:43","guid":{"rendered":"https:\/\/neuero.se\/aloituspaiva\/"},"modified":"2025-10-30T14:48:59","modified_gmt":"2025-10-30T13:48:59","slug":"aloituspaiva","status":"publish","type":"page","link":"https:\/\/neuero.se\/fi\/","title":{"rendered":"Aloitusp\u00e4iv\u00e4"},"content":{"rendered":"<!DOCTYPE html>\n<html><meta http-equiv=\"Content-Type\" content=\"text\/html; charset=utf-8\"><div id=\"module-0\" class=\"braavos-module braavos-module-slides braavos-module-0 module-width-grid\"><div class=\"braavos-module-inner\">\n\n<div class=\"braavos-slides braavos-slides-swiper swiper\">\n\n\t\t<div class=\"swiper-wrapper\">\n\n\t\n\t\t<div class=\"swiper-slide\">\n\n\t\t<div id=\"module-1\" class=\"braavos-module braavos-module-media_content braavos-module-1 module-theme-light module-width-grid content-position-left\"><div class=\"braavos-module-inner\">\n\n<div class=\"braavos-media\">\n\n\t<img loading=\"lazy\" decoding=\"async\" width=\"760\" height=\"1013\" src=\"https:\/\/neuero.se\/content\/uploads\/2025\/09\/DSCF0067-768x1024.jpg\" class=\"braavos-image braavos-media__image\" alt=\"2 st permastore tornsilo\" style=\"object-position:51.97% 4.29%\" sizes=\"auto, (min-width: 769px) 50vw, (min-width: px) px, 100vw\" srcset=\"https:\/\/neuero.se\/content\/uploads\/2025\/09\/DSCF0067-768x1024.jpg 768w, https:\/\/neuero.se\/content\/uploads\/2025\/09\/DSCF0067-225x300.jpg 225w, https:\/\/neuero.se\/content\/uploads\/2025\/09\/DSCF0067-1152x1536.jpg 1152w, https:\/\/neuero.se\/content\/uploads\/2025\/09\/DSCF0067-1536x2048.jpg 1536w, https:\/\/neuero.se\/content\/uploads\/2025\/09\/DSCF0067-600x800.jpg 600w, https:\/\/neuero.se\/content\/uploads\/2025\/09\/DSCF0067-150x200.jpg 150w, https:\/\/neuero.se\/content\/uploads\/2025\/09\/DSCF0067-scaled.jpg 1920w\">\n<\/div>\n\n\n\n<div class=\"braavos-content\">\n\n\t<h1 class=\"h2\">Jokap\u00e4iv\u00e4isen el\u00e4m\u00e4n yksinkertaistaminen<\/h1>\n<p>Olemme maataloussiilojen, s\u00e4il\u00f6rehu- ja viljatilojen toimittaja ja palvelukumppani.<\/p>\n<div class=\"button-group\"><a class=\"button\" href=\"https:\/\/neuero.se\/shop\/\">Tutustu tuotteisiin<\/a> <a class=\"button secondary\" href=\"https:\/\/neuero.se\/kontakt\/\">Ota yhteytt\u00e4 saadaksesi lis\u00e4tietoja<\/a><\/div>\n\n<\/div>\n\n<\/div><\/div>\t\t\n\t\t<\/div>\n\n\t\n\t<\/div>\n\n\t\n\t\n\t\n<\/div>\n\n<\/div><\/div><div id=\"module-1\" class=\"braavos-module braavos-module-slides braavos-module-1 module-width-grid\"><div class=\"braavos-module-inner\">\n\n<div class=\"braavos-slides braavos-slides-swiper swiper\">\n\n\t\t<div class=\"swiper-wrapper\">\n\n\t\n\t\t<div class=\"swiper-slide\">\n\n\t\t<div id=\"module-101\" class=\"braavos-module braavos-module-media_content braavos-module-101 module-theme-light module-width-grid content-position-right\"><div class=\"braavos-module-inner\">\n\n<div class=\"braavos-media\">\n\n\t<img loading=\"lazy\" decoding=\"async\" width=\"760\" height=\"570\" src=\"https:\/\/neuero.se\/content\/uploads\/2025\/09\/AG-50-1-1024x768.jpg\" class=\"braavos-image braavos-media__image\" alt=\"\" style=\"object-position:50% 50%\" sizes=\"auto, (min-width: 769px) 50vw, (min-width: px) px, 100vw\" srcset=\"https:\/\/neuero.se\/content\/uploads\/2025\/09\/AG-50-1-1024x768.jpg 1024w, https:\/\/neuero.se\/content\/uploads\/2025\/09\/AG-50-1-300x225.jpg 300w, https:\/\/neuero.se\/content\/uploads\/2025\/09\/AG-50-1-768x576.jpg 768w, https:\/\/neuero.se\/content\/uploads\/2025\/09\/AG-50-1-1536x1152.jpg 1536w, https:\/\/neuero.se\/content\/uploads\/2025\/09\/AG-50-1-2048x1536.jpg 2048w, https:\/\/neuero.se\/content\/uploads\/2025\/09\/AG-50-1-600x450.jpg 600w, https:\/\/neuero.se\/content\/uploads\/2025\/09\/AG-50-1-150x113.jpg 150w\">\n<\/div>\n\n\n\n<div class=\"braavos-content\">\n\n\t<h2>Jokap\u00e4iv\u00e4isen el\u00e4m\u00e4n yksinkertaistaminen<\/h2>\n<p>Olemme maataloussiilojen, s\u00e4il\u00f6rehu- ja viljatilojen toimittaja ja palvelukumppani.<\/p>\n<div class=\"button-group\"><a class=\"button\" href=\"https:\/\/neuero.se\/produktoversikt\/\">Tutustu tuotteisiin<\/a><\/div>\n<div><a class=\"button\" href=\"https:\/\/neuero.se\/shop\/\">N\u00e4yt\u00e4 verkkokaupat<\/a><\/div>\n<div class=\"button-group\"><a class=\"button secondary\" href=\"https:\/\/neuero.se\/kontakt\/\">Ota meihin yhteytt\u00e4 osoitteessa<\/a><\/div>\n\n<\/div>\n\n<\/div><\/div>\t\t\n\t\t<\/div>\n\n\t\n\t\t<div class=\"swiper-slide\">\n\n\t\t<div id=\"module-102\" class=\"braavos-module braavos-module-media_content braavos-module-102 module-theme-light module-width-grid content-position-right\"><div class=\"braavos-module-inner\">\n\n<div class=\"braavos-media\">\n\n\t<img loading=\"lazy\" decoding=\"async\" width=\"760\" height=\"570\" src=\"https:\/\/neuero.se\/content\/uploads\/2026\/03\/IMG_5853-1024x768.jpg\" class=\"braavos-image braavos-media__image\" alt=\"\" style=\"object-position:50% 50%\" sizes=\"auto, (min-width: 769px) 50vw, (min-width: px) px, 100vw\" srcset=\"https:\/\/neuero.se\/content\/uploads\/2026\/03\/IMG_5853-1024x768.jpg 1024w, https:\/\/neuero.se\/content\/uploads\/2026\/03\/IMG_5853-300x225.jpg 300w, https:\/\/neuero.se\/content\/uploads\/2026\/03\/IMG_5853-768x576.jpg 768w, https:\/\/neuero.se\/content\/uploads\/2026\/03\/IMG_5853-1536x1152.jpg 1536w, https:\/\/neuero.se\/content\/uploads\/2026\/03\/IMG_5853-2048x1536.jpg 2048w, https:\/\/neuero.se\/content\/uploads\/2026\/03\/IMG_5853-600x450.jpg 600w, https:\/\/neuero.se\/content\/uploads\/2026\/03\/IMG_5853-150x113.jpg 150w\">\n<\/div>\n\n\n\n<div class=\"braavos-content\">\n\n\t<h2>Edit this title<\/h2>\n<p>Edit this content<\/p>\n<p><a href=\"https:\/\/neuero.se\/fi\/\" class=\"button\">Edit this button<\/a><\/p>\n\n<\/div>\n\n<\/div><\/div>\t\t\n\t\t<\/div>\n\n\t\n\t\t<div class=\"swiper-slide\">\n\n\t\t<div id=\"module-103\" class=\"braavos-module braavos-module-media_content braavos-module-103 module-theme-light module-width-grid content-position-right\"><div class=\"braavos-module-inner\">\n\n<div class=\"braavos-media\">\n\n\t<img loading=\"lazy\" decoding=\"async\" width=\"760\" height=\"578\" src=\"https:\/\/neuero.se\/content\/uploads\/2026\/02\/daf_rvb-1024x779.webp\" class=\"braavos-image braavos-media__image\" alt=\"Valmetal DAF r\u00e4lsh\u00e4ngd fodervagn f\u00f6r att automatisera utfodringen\" style=\"object-position:50% 50%\" sizes=\"auto, (min-width: 769px) 50vw, (min-width: px) px, 100vw\" srcset=\"https:\/\/neuero.se\/content\/uploads\/2026\/02\/daf_rvb-1024x779.webp 1024w, https:\/\/neuero.se\/content\/uploads\/2026\/02\/daf_rvb-300x228.webp 300w, https:\/\/neuero.se\/content\/uploads\/2026\/02\/daf_rvb-768x585.webp 768w, https:\/\/neuero.se\/content\/uploads\/2026\/02\/daf_rvb-600x457.webp 600w, https:\/\/neuero.se\/content\/uploads\/2026\/02\/daf_rvb-150x114.webp 150w, https:\/\/neuero.se\/content\/uploads\/2026\/02\/daf_rvb.webp 1440w\">\n<\/div>\n\n\n\n<div class=\"braavos-content\">\n\n\t<h2>Edit this title<\/h2>\n<p>Edit this content<\/p>\n<p><a href=\"https:\/\/neuero.se\/fi\/\" class=\"button\">Edit this button<\/a><\/p>\n\n<\/div>\n\n<\/div><\/div>\t\t\n\t\t<\/div>\n\n\t\n\t\t<div class=\"swiper-slide\">\n\n\t\t<div id=\"module-104\" class=\"braavos-module braavos-module-media_content braavos-module-104 module-theme-light module-width-grid content-position-right\"><div class=\"braavos-module-inner\">\n\n<div class=\"braavos-media\">\n\n\t<img loading=\"lazy\" decoding=\"async\" width=\"760\" height=\"570\" src=\"https:\/\/neuero.se\/content\/uploads\/2025\/11\/Neuero-service-kit-1024x768.jpg\" class=\"braavos-image braavos-media__image\" alt=\"dav\" style=\"object-position:50% 50%\" sizes=\"auto, (min-width: 769px) 50vw, (min-width: px) px, 100vw\" srcset=\"https:\/\/neuero.se\/content\/uploads\/2025\/11\/Neuero-service-kit-1024x768.jpg 1024w, https:\/\/neuero.se\/content\/uploads\/2025\/11\/Neuero-service-kit-300x225.jpg 300w, https:\/\/neuero.se\/content\/uploads\/2025\/11\/Neuero-service-kit-768x576.jpg 768w, https:\/\/neuero.se\/content\/uploads\/2025\/11\/Neuero-service-kit-1536x1152.jpg 1536w, https:\/\/neuero.se\/content\/uploads\/2025\/11\/Neuero-service-kit-2048x1536.jpg 2048w, https:\/\/neuero.se\/content\/uploads\/2025\/11\/Neuero-service-kit-600x450.jpg 600w, https:\/\/neuero.se\/content\/uploads\/2025\/11\/Neuero-service-kit-150x113.jpg 150w\">\n<\/div>\n\n\n\n<div class=\"braavos-content\">\n\n\t<h2>Edit this title<\/h2>\n<p>Edit this content<\/p>\n<p><a href=\"https:\/\/neuero.se\/fi\/\" class=\"button\">Edit this button<\/a><\/p>\n\n<\/div>\n\n<\/div><\/div>\t\t\n\t\t<\/div>\n\n\t\n\t<\/div>\n\n\t\n\t\n\t\n<\/div>\n\n<\/div><\/div><div id=\"module-2\" class=\"braavos-module braavos-module-wysiwyg braavos-module-2 module-theme-light module-width-full\"><div class=\"braavos-module-inner\">\n<div class=\"braavos-content\">\n\t<h2>Johtavat toimittajat Pohjoismaissa<\/h2>\n<p>Tarjoamme <strong data-start=\"361\" data-end=\"497\">rehulaitteita (erityisesti hihnaruokkijoita)<\/strong> <strong>sekoittimien,<\/strong><strong data-start=\"361\" data-end=\"497\"> kuljettimien, ketjukuljettimien, automaatioratkaisujen, tornisiilojen, puhaltimien, kippien, putkistojen ja varaosien<\/strong> muodossa.<br data-start=\"498\" data-end=\"501\">Teemme yhteisty\u00f6t\u00e4 <strong data-start=\"519\" data-end=\"531\">Valmetalin<\/strong> ja <strong data-start=\"536\" data-end=\"546\">Neueron<\/strong> kanssa \u2013 kahden tunnetun, luotettavien ja CE-merkittyjen s\u00e4il\u00f6rehun ja rehun k\u00e4sittelylaitteiden toimittajan kanssa.<\/p>\n<p data-start=\"649\" data-end=\"768\">Olemme t\u00e4\u00e4ll\u00e4 auttamassa sinua, maanviljelij\u00e4\u00e4, saamaan oikeat koneet, oikeat osat ja oikean palvelun silloin, kun sit\u00e4 tarvitset.<\/p>\n<p data-start=\"158\" data-end=\"467\">Lyhyesti sanottuna: varmistamme, ett\u00e4 sinulla viljelij\u00e4n\u00e4 on k\u00e4yt\u00f6ss\u00e4si laitteet ja tuki, joita tarvitset sujuvampaan, luotettavampaan ja kannattavampaan toimintaan \u2013 yksinkertaisempaan jokap\u00e4iv\u00e4iseen el\u00e4m\u00e4\u00e4n.<\/p>\n<\/div>\n<\/div><\/div><div id=\"module-3\" class=\"braavos-module braavos-module-media_content braavos-module-3 module-theme-dark module-width-grid content-position-right\"><div class=\"braavos-module-inner\">\n\n<div class=\"braavos-media\">\n\n\t<img loading=\"lazy\" decoding=\"async\" width=\"760\" height=\"507\" src=\"https:\/\/neuero.se\/content\/uploads\/2024\/09\/vzjdyl5jvxy-1024x683.jpg\" class=\"braavos-image braavos-media__image\" alt=\"person using laptop\" style=\"object-position:50% 50%\" sizes=\"auto, (min-width: 769px) 50vw, (min-width: px) px, 100vw\" srcset=\"https:\/\/neuero.se\/content\/uploads\/2024\/09\/vzjdyl5jvxy-1024x683.jpg 1024w, https:\/\/neuero.se\/content\/uploads\/2024\/09\/vzjdyl5jvxy-300x200.jpg 300w, https:\/\/neuero.se\/content\/uploads\/2024\/09\/vzjdyl5jvxy-768x512.jpg 768w, https:\/\/neuero.se\/content\/uploads\/2024\/09\/vzjdyl5jvxy-1536x1024.jpg 1536w, https:\/\/neuero.se\/content\/uploads\/2024\/09\/vzjdyl5jvxy-600x400.jpg 600w, https:\/\/neuero.se\/content\/uploads\/2024\/09\/vzjdyl5jvxy-150x100.jpg 150w, https:\/\/neuero.se\/content\/uploads\/2024\/09\/vzjdyl5jvxy.jpg 1600w\">\n<\/div>\n\n\n\n<div class=\"braavos-content\">\n\n\t<h2>Verkkokauppamme<\/h2>\n<p>Verkkokauppamme kautta palvelemme niit\u00e4, jotka tiet\u00e4v\u00e4t, mit\u00e4 he tarvitsevat, ja ovat valmiita klikkaamaan haluamaansa tuotetta. Jos tarvitset opastusta ja neuvoja, voit tietenkin aina soittaa varaosa-asiantuntijoillemme numeroon 0774-48 28 80. <\/p>\n<p>Verkkokaupastamme voit ostaa sek\u00e4 varaosia ett\u00e4 kokonaisia laitoksia helposti ja nopeasti juuri silloin, kun sinulle sopii. Lis\u00e4ksi saat aina ylim\u00e4\u00e4r\u00e4isi\u00e4 verkkoalennuksia koneista ja varaosista, joskus jopa 30 % valituista osista. Toimitamme nopeasti keskusvarastostamme.  <\/p>\n<p><a class=\"button\" href=\"https:\/\/neuero.se\/?page_id=1781\">Tietoa verkkokaupastamme<\/a><\/p>\n\n<\/div>\n\n<\/div><\/div><div id=\"module-4\" class=\"braavos-module braavos-module-media_content braavos-module-4 module-theme-light module-width-grid content-position-left\"><div class=\"braavos-module-inner\">\n\n<div class=\"braavos-media\">\n\n\t<img loading=\"lazy\" decoding=\"async\" width=\"760\" height=\"507\" src=\"https:\/\/neuero.se\/content\/uploads\/2024\/09\/IMG_4264.jpg\" class=\"braavos-image braavos-media__image\" alt=\"\" style=\"object-position:50% 50%\" sizes=\"auto, (min-width: 769px) 50vw, (min-width: px) px, 100vw\" srcset=\"https:\/\/neuero.se\/content\/uploads\/2024\/09\/IMG_4264.jpg 990w, https:\/\/neuero.se\/content\/uploads\/2024\/09\/IMG_4264-300x200.jpg 300w, https:\/\/neuero.se\/content\/uploads\/2024\/09\/IMG_4264-768x512.jpg 768w, https:\/\/neuero.se\/content\/uploads\/2024\/09\/IMG_4264-600x400.jpg 600w, https:\/\/neuero.se\/content\/uploads\/2024\/09\/IMG_4264-150x100.jpg 150w\">\n<\/div>\n\n\n\n<div class=\"braavos-content\">\n\n\t<h2>Ota meihin yhteytt\u00e4 osoitteessa<\/h2>\n<p>Tarvitsetko apua siilojen, s\u00e4ili\u00f6iden, hihnasy\u00f6tt\u00f6laitteiden tai jonkin muun asian kanssa? Onko sinulla kysytt\u00e4v\u00e4\u00e4 verkkokaupastamme tai tarvitsetko tukea tilauksen kanssa? \u00c4l\u00e4 ep\u00e4r\u00f6i ottaa meihin yhteytt\u00e4 \u2013 olemme t\u00e4\u00e4ll\u00e4 antamassa tarvitsemaasi apua ja vastaamassa kysymyksiisi. Odotamme innolla yhteydenottoasi!   <\/p>\n<p><a class=\"button\" href=\"https:\/\/neuero.se\/kontakt\/\">Ota meihin yhteytt\u00e4 osoitteessa<\/a><\/p>\n\n<\/div>\n\n<\/div><\/div><div id=\"module-5\" class=\"braavos-module braavos-module-products braavos-module-5 module-theme-light\"><div class=\"braavos-module-inner\"><h2 class=\"braavos-heading\">Tuotteet ja palvelut<\/h2><div class=\"woocommerce columns-4 \"><ul class=\"products columns-4\">\n<li class=\"product type-product post-6179 status-publish first instock product_cat-tillbehor-ror-fasten-etc product_cat-rordelar-neuero-ensilage-utr has-post-thumbnail taxable shipping-taxable purchasable product-type-simple\">\n\t<a href=\"https:\/\/neuero.se\/fi\/tuote\/rorhallare-for-silostege-310mm\/\" class=\"woocommerce-LoopProduct-link woocommerce-loop-product__link\"><div class=\"heim-woocommerce-loop-product-thumbnail\"><img loading=\"lazy\" decoding=\"async\" width=\"300\" height=\"225\" src=\"https:\/\/neuero.se\/content\/uploads\/2026\/05\/5460006-Rorhallare-f.-silostege-310mm-300x225.jpg\" class=\"attachment-woocommerce_thumbnail size-woocommerce_thumbnail\" alt=\"R\u00f6rh\u00e5llare f\u00f6r silostege 310mm\"><\/div><span class=\"heim-label-itsnew\">New<\/span><h2 class=\"woocommerce-loop-product__title\">R\u00f6rh\u00e5llare f\u00f6r silostege 310mm<\/h2>\n\t<span class=\"price\"><span class=\"woocommerce-price-info\">Kirjaudu sis\u00e4\u00e4n n\u00e4hd\u00e4ksesi hinnan<\/span><\/span>\n<\/a><a href=\"\/fi\/wp-json\/wp\/v2\/pages\/2231?add-to-cart=6179\" aria-describedby=\"woocommerce_loop_add_to_cart_link_describedby_6179\" data-quantity=\"1\" class=\"button product_type_simple add_to_cart_button ajax_add_to_cart\" data-product_id=\"6179\" data-product_sku=\"\" aria-label=\"Lis\u00e4\u00e4 ostoskoriin: \u201cR\u00f6rh\u00e5llare f\u00f6r silostege 310mm\u201d\" rel=\"nofollow\" data-success_message=\"\u201cR\u00f6rh\u00e5llare f\u00f6r silostege 310mm\u201d on lis\u00e4tty ostoskoriin\" role=\"button\">Lis\u00e4\u00e4 ostoskoriin<\/a>\t<span id=\"woocommerce_loop_add_to_cart_link_describedby_6179\" class=\"screen-reader-text\">\n\t\t\t<\/span>\n<\/li>\n<li class=\"product type-product post-6178 status-publish instock product_cat-tillbehor-ror-fasten-etc product_cat-rordelar-neuero-ensilage-utr has-post-thumbnail taxable shipping-taxable purchasable product-type-simple\">\n\t<a href=\"https:\/\/neuero.se\/fi\/tuote\/rorhallare-310mm-tennisrack\/\" class=\"woocommerce-LoopProduct-link woocommerce-loop-product__link\"><div class=\"heim-woocommerce-loop-product-thumbnail\"><img loading=\"lazy\" decoding=\"async\" width=\"300\" height=\"225\" src=\"https:\/\/neuero.se\/content\/uploads\/2026\/05\/5460004-Rorhallare-310mm-tennisrack-300x225.jpg\" class=\"attachment-woocommerce_thumbnail size-woocommerce_thumbnail\" alt=\"R\u00f6rh\u00e5llare 310mm &quot;tennisrack&quot;\"><\/div><span class=\"heim-label-itsnew\">New<\/span><h2 class=\"woocommerce-loop-product__title\">R\u00f6rh\u00e5llare 310mm \u201dtennisrack\u201d<\/h2>\n\t<span class=\"price\"><span class=\"woocommerce-price-info\">Kirjaudu sis\u00e4\u00e4n n\u00e4hd\u00e4ksesi hinnan<\/span><\/span>\n<\/a><a href=\"\/fi\/wp-json\/wp\/v2\/pages\/2231?add-to-cart=6178\" aria-describedby=\"woocommerce_loop_add_to_cart_link_describedby_6178\" data-quantity=\"1\" class=\"button product_type_simple add_to_cart_button ajax_add_to_cart\" data-product_id=\"6178\" data-product_sku=\"\" aria-label=\"Lis\u00e4\u00e4 ostoskoriin: \u201cR\u00f6rh\u00e5llare 310mm &quot;tennisrack&quot;\u201d\" rel=\"nofollow\" data-success_message=\"\u201cR\u00f6rh\u00e5llare 310mm &quot;tennisrack&quot;\u201d on lis\u00e4tty ostoskoriin\" role=\"button\">Lis\u00e4\u00e4 ostoskoriin<\/a>\t<span id=\"woocommerce_loop_add_to_cart_link_describedby_6178\" class=\"screen-reader-text\">\n\t\t\t<\/span>\n<\/li>\n<li class=\"product type-product post-6174 status-publish instock product_cat-tillbehor-ror-fasten-etc product_cat-rordelar-neuero-ensilage-utr has-post-thumbnail taxable shipping-taxable purchasable product-type-simple\">\n\t<a href=\"https:\/\/neuero.se\/fi\/tuote\/rorhallare-310mm-justerbar\/\" class=\"woocommerce-LoopProduct-link woocommerce-loop-product__link\"><div class=\"heim-woocommerce-loop-product-thumbnail\"><img loading=\"lazy\" decoding=\"async\" width=\"300\" height=\"225\" src=\"https:\/\/neuero.se\/content\/uploads\/2026\/05\/5460001-Justerbar-rorhallare-310mm-300x225.jpg\" class=\"attachment-woocommerce_thumbnail size-woocommerce_thumbnail\" alt=\"R\u00f6rh\u00e5llare 310mm justerbar\"><\/div><span class=\"heim-label-itsnew\">New<\/span><h2 class=\"woocommerce-loop-product__title\">R\u00f6rh\u00e5llare 310mm justerbar<\/h2>\n\t<span class=\"price\"><span class=\"woocommerce-price-info\">Kirjaudu sis\u00e4\u00e4n n\u00e4hd\u00e4ksesi hinnan<\/span><\/span>\n<\/a><a href=\"\/fi\/wp-json\/wp\/v2\/pages\/2231?add-to-cart=6174\" aria-describedby=\"woocommerce_loop_add_to_cart_link_describedby_6174\" data-quantity=\"1\" class=\"button product_type_simple add_to_cart_button ajax_add_to_cart\" data-product_id=\"6174\" data-product_sku=\"\" aria-label=\"Lis\u00e4\u00e4 ostoskoriin: \u201cR\u00f6rh\u00e5llare 310mm justerbar\u201d\" rel=\"nofollow\" data-success_message=\"\u201cR\u00f6rh\u00e5llare 310mm justerbar\u201d on lis\u00e4tty ostoskoriin\" role=\"button\">Lis\u00e4\u00e4 ostoskoriin<\/a>\t<span id=\"woocommerce_loop_add_to_cart_link_describedby_6174\" class=\"screen-reader-text\">\n\t\t\t<\/span>\n<\/li>\n<li class=\"product type-product post-6141 status-publish last instock product_cat-delar-till-uttagsflaktar product_cat-flaktar product_cat-neuero-ensilage-utr has-post-thumbnail taxable shipping-taxable product-type-grouped\">\n\t<a href=\"https:\/\/neuero.se\/fi\/tuote\/inlagg-till-flakthus-tornado\/\" class=\"woocommerce-LoopProduct-link woocommerce-loop-product__link\"><div class=\"heim-woocommerce-loop-product-thumbnail\"><img loading=\"lazy\" decoding=\"async\" width=\"300\" height=\"225\" src=\"https:\/\/neuero.se\/content\/uploads\/2024\/06\/1.elmia_2006_139-300x225.jpg\" class=\"attachment-woocommerce_thumbnail size-woocommerce_thumbnail\" alt=\"Inl\u00e4gg till Fl\u00e4kthus, Tornado\" srcset=\"https:\/\/neuero.se\/content\/uploads\/2024\/06\/1.elmia_2006_139-300x225.jpg 300w, https:\/\/neuero.se\/content\/uploads\/2024\/06\/1.elmia_2006_139-150x113.jpg 150w, https:\/\/neuero.se\/content\/uploads\/2024\/06\/1.elmia_2006_139.jpg 533w\" sizes=\"auto, (max-width: 300px) 100vw, 300px\"><\/div><h2 class=\"woocommerce-loop-product__title\">Inl\u00e4gg till Fl\u00e4kthus, Tornado<\/h2>\n\t<span class=\"price\"><span class=\"woocommerce-price-info\">Kirjaudu sis\u00e4\u00e4n n\u00e4hd\u00e4ksesi hinnan<\/span><\/span>\n<\/a><a href=\"https:\/\/neuero.se\/fi\/tuote\/inlagg-till-flakthus-tornado\/\" aria-describedby=\"woocommerce_loop_add_to_cart_link_describedby_6141\" data-quantity=\"1\" class=\"button product_type_grouped\" data-product_id=\"6141\" data-product_sku=\"\" aria-label=\"Katso \u201cInl\u00e4gg till Fl\u00e4kthus, Tornado\u201d ryhm\u00e4n tuotteita\" rel=\"nofollow\">N\u00e4yt\u00e4 tuotteet<\/a>\t<span id=\"woocommerce_loop_add_to_cart_link_describedby_6141\" class=\"screen-reader-text\">\n\t\t\t<\/span>\n<\/li>\n<\/ul>\n<\/div><\/div><\/div><\/html>\n","protected":false},"excerpt":{"rendered":"<p>Jokap\u00e4iv\u00e4isen el\u00e4m\u00e4n yksinkertaistaminen Olemme maataloussiilojen, s\u00e4il\u00f6rehu- ja viljatilojen toimittaja ja palvelukumppani. Tutustu tuotteisiin Ota yhteytt\u00e4 saadaksesi lis\u00e4tietoja Jokap\u00e4iv\u00e4isen el\u00e4m\u00e4n yksinkertaistaminen Olemme maataloussiilojen, s\u00e4il\u00f6rehu- ja viljatilojen toimittaja ja palvelukumppani. Tutustu tuotteisiin &#8230;<\/p>\n","protected":false},"author":1,"featured_media":4677,"parent":0,"menu_order":0,"comment_status":"closed","ping_status":"closed","template":"page-braavos.php","meta":{"_acf_changed":false,"footnotes":""},"class_list":["post-2231","page","type-page","status-publish","has-post-thumbnail","hentry"],"acf":[],"_links":{"self":[{"href":"https:\/\/neuero.se\/fi\/wp-json\/wp\/v2\/pages\/2231","targetHints":{"allow":["GET"]}}],"collection":[{"href":"https:\/\/neuero.se\/fi\/wp-json\/wp\/v2\/pages"}],"about":[{"href":"https:\/\/neuero.se\/fi\/wp-json\/wp\/v2\/types\/page"}],"author":[{"embeddable":true,"href":"https:\/\/neuero.se\/fi\/wp-json\/wp\/v2\/users\/1"}],"replies":[{"embeddable":true,"href":"https:\/\/neuero.se\/fi\/wp-json\/wp\/v2\/comments?post=2231"}],"version-history":[{"count":3,"href":"https:\/\/neuero.se\/fi\/wp-json\/wp\/v2\/pages\/2231\/revisions"}],"predecessor-version":[{"id":3224,"href":"https:\/\/neuero.se\/fi\/wp-json\/wp\/v2\/pages\/2231\/revisions\/3224"}],"wp:featuredmedia":[{"embeddable":true,"href":"https:\/\/neuero.se\/fi\/wp-json\/wp\/v2\/media\/4677"}],"wp:attachment":[{"href":"https:\/\/neuero.se\/fi\/wp-json\/wp\/v2\/media?parent=2231"}],"curies":[{"name":"wp","href":"https:\/\/api.w.org\/{rel}","templated":true}]}}