{"id":2184,"date":"2024-06-04T13:00:58","date_gmt":"2024-06-04T12:00:58","guid":{"rendered":"https:\/\/neuero.se\/tietoa-meista\/"},"modified":"2024-09-12T07:34:23","modified_gmt":"2024-09-12T06:34:23","slug":"tietoa-meista","status":"publish","type":"page","link":"https:\/\/neuero.se\/fi\/tietoa-meista\/","title":{"rendered":"Tietoa meist\u00e4"},"content":{"rendered":"<!DOCTYPE html>\n<html><meta http-equiv=\"Content-Type\" content=\"text\/html; charset=utf-8\"><div id=\"module-0\" class=\"braavos-module braavos-module-slides braavos-module-0 module-width-grid\"><div class=\"braavos-module-inner\">\n\n<div class=\"braavos-slides braavos-slides-swiper swiper\">\n\n\t\t<div class=\"swiper-wrapper\">\n\n\t\n\t\t<div class=\"swiper-slide\">\n\n\t\t<div id=\"module-1\" class=\"braavos-module braavos-module-media_content braavos-module-1 module-theme-light module-width-grid content-position-left\"><div class=\"braavos-module-inner\">\n\n<div class=\"braavos-media\">\n\n\t<img loading=\"lazy\" decoding=\"async\" width=\"760\" height=\"507\" src=\"https:\/\/neuero.se\/content\/uploads\/2024\/09\/IMG_4271.jpg\" class=\"braavos-image braavos-media__image\" alt=\"\" style=\"object-position:50% 50%\" sizes=\"auto, (min-width: 769px) 50vw, (min-width: px) px, 100vw\" srcset=\"https:\/\/neuero.se\/content\/uploads\/2024\/09\/IMG_4271.jpg 990w, https:\/\/neuero.se\/content\/uploads\/2024\/09\/IMG_4271-300x200.jpg 300w, https:\/\/neuero.se\/content\/uploads\/2024\/09\/IMG_4271-768x512.jpg 768w, https:\/\/neuero.se\/content\/uploads\/2024\/09\/IMG_4271-600x400.jpg 600w, https:\/\/neuero.se\/content\/uploads\/2024\/09\/IMG_4271-150x100.jpg 150w\">\n<\/div>\n\n\n\n<div class=\"braavos-content\">\n\n\t<h2>Tietoa meist\u00e4<\/h2>\n<p>Kev\u00e4\u00e4st\u00e4 2006 l\u00e4htien Skandinavian markkinoilla tunnetun Neuero-merkin takana on ollut uusi yritys.<br>\nKutsumme itse\u00e4mme Neuero Scandinavia Neagri AB:ksi, ja olemme useiden markkinoiden johtavien maatalouslaitteiden ja -koneiden valmistajien p\u00e4\u00e4edustaja Skandinaviassa.<\/p>\n<p><a class=\"button\" href=\"https:\/\/neuero.se\/kontakt\/\">Ota meihin yhteytt\u00e4 osoitteessa<\/a><\/p>\n\n<\/div>\n\n<\/div><\/div>\t\t\n\t\t<\/div>\n\n\t\n\t<\/div>\n\n\t\n\t\n\t\n<\/div>\n\n<\/div><\/div><div id=\"module-1\" class=\"braavos-module braavos-module-wysiwyg braavos-module-1 module-theme-light module-width-grid\"><div class=\"braavos-module-inner\">\n<div class=\"braavos-content\">\n\t<h2>Toimintamme tavoite<\/h2>\n<p>  Toimintamme tavoite on helppo muotoilla:<em>  \u201dTulemme markkinoimaan ensiluokkaisia tuotteita karkearehun k\u00e4sittelyyn tilalla ja tukemaan tehokkaalla ja p\u00e4tev\u00e4ll\u00e4 palveluorganisaatiolla. N\u00e4in luomme luotettavaa ja kannattavaa liiketoimintaa, joka edist\u00e4\u00e4 tulevaisuuden maidontuottajien parempaa kannattavuutta ja yksinkertaisempaa arkea.\u201d<\/em><\/p>\n<\/div>\n<\/div><\/div><div id=\"module-2\" class=\"braavos-module braavos-module-media_content braavos-module-2 module-theme-light module-width-grid content-position-right\"><div class=\"braavos-module-inner\">\n\n<div class=\"braavos-media\">\n\n\t<img loading=\"lazy\" decoding=\"async\" width=\"760\" height=\"507\" src=\"https:\/\/neuero.se\/content\/uploads\/2024\/08\/IMG_0681-1-1-1024x683.jpg\" class=\"braavos-image braavos-media__image\" alt=\"\" style=\"object-position:50% 50%\" sizes=\"auto, (min-width: 769px) 50vw, (min-width: px) px, 100vw\" srcset=\"https:\/\/neuero.se\/content\/uploads\/2024\/08\/IMG_0681-1-1-1024x683.jpg 1024w, https:\/\/neuero.se\/content\/uploads\/2024\/08\/IMG_0681-1-1-300x200.jpg 300w, https:\/\/neuero.se\/content\/uploads\/2024\/08\/IMG_0681-1-1-768x512.jpg 768w, https:\/\/neuero.se\/content\/uploads\/2024\/08\/IMG_0681-1-1-1536x1025.jpg 1536w, https:\/\/neuero.se\/content\/uploads\/2024\/08\/IMG_0681-1-1-600x400.jpg 600w, https:\/\/neuero.se\/content\/uploads\/2024\/08\/IMG_0681-1-1-150x100.jpg 150w, https:\/\/neuero.se\/content\/uploads\/2024\/08\/IMG_0681-1-1.jpg 1694w\">\n<\/div>\n\n\n\n<div class=\"braavos-content\">\n\n\t<h2>Mit\u00e4 me teemme<\/h2>\n<p>  Olemme maataloussiilojen, s\u00e4il\u00f6rehu- ja viljatilojen toimittaja ja palvelukumppani. Toimittajamme ovat markkinoiden johtavia valmistajia, kuten <a href=\"http:\/\/www.neuero-farm.de\/\" target=\"_blank\" rel=\"noopener\">Neuero<\/a>, <a href=\"http:\/\/www.valmetal.com\/\" target=\"_blank\" rel=\"noopener\">Valmetal<\/a>, <a href=\"http:\/\/www.permastore.co.uk\/\" target=\"_blank\" rel=\"noopener\">Permastore<\/a> ja muut.<br>\nYhdist\u00e4mme toimittajiemme tunnetut tuotteet ja laadun omaan kokemukseemme ja asiantuntemukseemme.<br>\nPohjimmiltaan tarjoamme:    <\/p>\n<ul>\n<li>Saksalaisen Neueron s\u00e4il\u00f6rehuohjelma ja viljan k\u00e4sittelyj\u00e4rjestelm\u00e4.<\/li>\n<li>Kanadalaisen Valmetalin nauhansy\u00f6tt\u00f6j\u00e4rjestelm\u00e4.<\/li>\n<li>Uudet ja k\u00e4ytetyt maataloussiilot s\u00e4il\u00f6rehua ja viljaa varten.<\/li>\n<\/ul>\n\n<\/div>\n\n<\/div><\/div><div id=\"module-3\" class=\"braavos-module braavos-module-media_content braavos-module-3 module-theme-light module-width-grid content-position-left\"><div class=\"braavos-module-inner\">\n\n<div class=\"braavos-media\">\n\n\t<img loading=\"lazy\" decoding=\"async\" width=\"760\" height=\"507\" src=\"https:\/\/neuero.se\/content\/uploads\/2024\/09\/IMG_1384.jpg\" class=\"braavos-image braavos-media__image\" alt=\"\" style=\"object-position:50% 50%\" sizes=\"auto, (min-width: 769px) 50vw, (min-width: px) px, 100vw\" srcset=\"https:\/\/neuero.se\/content\/uploads\/2024\/09\/IMG_1384.jpg 990w, https:\/\/neuero.se\/content\/uploads\/2024\/09\/IMG_1384-300x200.jpg 300w, https:\/\/neuero.se\/content\/uploads\/2024\/09\/IMG_1384-768x512.jpg 768w, https:\/\/neuero.se\/content\/uploads\/2024\/09\/IMG_1384-600x400.jpg 600w, https:\/\/neuero.se\/content\/uploads\/2024\/09\/IMG_1384-150x100.jpg 150w\">\n<\/div>\n\n\n\n<div class=\"braavos-content\">\n\n\t<h1>Asennukseen ja huoltoon sitoutuminen<\/h1>\n<p>Meill\u00e4 on oma kokenut kokoonpanotiimimme, joka on varustettu liikkuvilla yksik\u00f6ill\u00e4, joihin kuuluu t\u00e4ydellinen huoltoauto tehokasta palvelua varten.<br>\nLis\u00e4ksi meill\u00e4 on raskas per\u00e4vaunu tunkkeja ja ty\u00f6kaluja varten, joten olemme hyvin valmistautuneita k\u00e4sittelem\u00e4\u00e4n yleisimpi\u00e4 maatalouden ja teollisuuden siiloja ja s\u00e4ili\u00f6it\u00e4. <\/p>\n<p><a class=\"button\" href=\"https:\/\/neuero.se\/kontakt\/\">T\u00e4ss\u00e4 me olemme<\/a><\/p>\n\n<\/div>\n\n<\/div><\/div><\/html>\n","protected":false},"excerpt":{"rendered":"<p>Tietoa meist\u00e4 Kev\u00e4\u00e4st\u00e4 2006 l\u00e4htien Skandinavian markkinoilla tunnetun Neuero-merkin takana on ollut uusi yritys. Kutsumme itse\u00e4mme Neuero Scandinavia Neagri AB:ksi, ja olemme useiden markkinoiden johtavien maatalouslaitteiden ja -koneiden valmistajien p\u00e4\u00e4edustaja &#8230;<\/p>\n","protected":false},"author":1,"featured_media":4677,"parent":0,"menu_order":0,"comment_status":"closed","ping_status":"closed","template":"page-braavos.php","meta":{"_acf_changed":false,"footnotes":""},"class_list":["post-2184","page","type-page","status-publish","has-post-thumbnail","hentry"],"acf":[],"_links":{"self":[{"href":"https:\/\/neuero.se\/fi\/wp-json\/wp\/v2\/pages\/2184","targetHints":{"allow":["GET"]}}],"collection":[{"href":"https:\/\/neuero.se\/fi\/wp-json\/wp\/v2\/pages"}],"about":[{"href":"https:\/\/neuero.se\/fi\/wp-json\/wp\/v2\/types\/page"}],"author":[{"embeddable":true,"href":"https:\/\/neuero.se\/fi\/wp-json\/wp\/v2\/users\/1"}],"replies":[{"embeddable":true,"href":"https:\/\/neuero.se\/fi\/wp-json\/wp\/v2\/comments?post=2184"}],"version-history":[{"count":2,"href":"https:\/\/neuero.se\/fi\/wp-json\/wp\/v2\/pages\/2184\/revisions"}],"predecessor-version":[{"id":3226,"href":"https:\/\/neuero.se\/fi\/wp-json\/wp\/v2\/pages\/2184\/revisions\/3226"}],"wp:featuredmedia":[{"embeddable":true,"href":"https:\/\/neuero.se\/fi\/wp-json\/wp\/v2\/media\/4677"}],"wp:attachment":[{"href":"https:\/\/neuero.se\/fi\/wp-json\/wp\/v2\/media?parent=2184"}],"curies":[{"name":"wp","href":"https:\/\/api.w.org\/{rel}","templated":true}]}}